{"id":64511,"date":"2024-02-29T09:42:59","date_gmt":"2024-02-29T08:42:59","guid":{"rendered":"https:\/\/tenuedeville.promisys-web.be\/produit\/bluestar\/"},"modified":"2024-05-08T12:04:42","modified_gmt":"2024-05-08T10:04:42","slug":"bluestar","status":"publish","type":"product","link":"https:\/\/www.tenuedeville.com\/en\/product\/bluestar\/","title":{"rendered":"Bluestar"},"content":{"rendered":"\n<p>Rev\u00eatement mural minimal.<\/p>\n\n<p>Ce papier peint panoramique est imprim\u00e9 sur &#8220;toile d&#8217;herbe&#8221;, \u00e9galement appel\u00e9 &#8220;paille japonaise&#8221;. Ce support est constitu\u00e9 d&#8217;herbes s\u00e9ch\u00e9es tiss\u00e9es sur cha\u00eene en polyester, puis contrecoll\u00e9 sur un papier peint intiss\u00e9. L&#8217;utilisation de mat\u00e9riaux naturels et la production artisanale du rev\u00eatement mural expliquent les diff\u00e9rences de structure et de nuances. Par cons\u00e9quent, des irr\u00e9gularit\u00e9s dans le support peuvent appara\u00eetre d&#8217;un l\u00e9 \u00e0 l&#8217;autre, et la d\u00e9marcation entre les diff\u00e9rents l\u00e9s est visible.<\/p>\n","protected":false},"excerpt":{"rendered":"<p>Rev\u00eatement mural minimal. Ce papier peint panoramique est imprim\u00e9 sur &#8220;toile d&#8217;herbe&#8221;, \u00e9galement appel\u00e9 &#8220;paille japonaise&#8221;. Ce support est constitu\u00e9 d&#8217;herbes s\u00e9ch\u00e9es tiss\u00e9es sur cha\u00eene en polyester, puis contrecoll\u00e9 sur un papier peint intiss\u00e9. L&#8217;utilisation de mat\u00e9riaux naturels et la production artisanale du rev\u00eatement mural expliquent les diff\u00e9rences de structure et de nuances. Par cons\u00e9quent, [&hellip;]<\/p>\n","protected":false},"featured_media":64224,"template":"","meta":{"_acf_changed":false},"product_brand":[],"product_cat":[261],"product_tag":[276,273,290,274,291,278,275,279],"class_list":{"0":"post-64511","1":"product","2":"type-product","3":"status-publish","4":"has-post-thumbnail","6":"product_cat-textured-wallpapers","7":"product_tag-art-en","8":"product_tag-artwallpaper-en","9":"product_tag-colors-en","10":"product_tag-designerwallpaper-en","11":"product_tag-flower-en","12":"product_tag-minimal-en","13":"product_tag-tenuedeville-en","14":"product_tag-texturedwallpaper-en","16":"first","17":"instock","18":"shipping-taxable","19":"purchasable","20":"product-type-variable"},"acf":[],"yoast_head":"<!-- This site is optimized with the Yoast SEO plugin v27.4 - https:\/\/yoast.com\/product\/yoast-seo-wordpress\/ -->\n<title>Bluestar - Tenue de Ville<\/title>\n<meta name=\"robots\" content=\"index, follow, max-snippet:-1, max-image-preview:large, max-video-preview:-1\" \/>\n<link rel=\"canonical\" href=\"https:\/\/www.tenuedeville.com\/en\/product\/bluestar\/\" \/>\n<meta property=\"og:locale\" content=\"en_US\" \/>\n<meta property=\"og:type\" content=\"article\" \/>\n<meta property=\"og:title\" content=\"Bluestar - Tenue de Ville\" \/>\n<meta property=\"og:description\" content=\"Rev\u00eatement mural minimal. Ce papier peint panoramique est imprim\u00e9 sur &#8220;toile d&#8217;herbe&#8221;, \u00e9galement appel\u00e9 &#8220;paille japonaise&#8221;. Ce support est constitu\u00e9 d&#8217;herbes s\u00e9ch\u00e9es tiss\u00e9es sur cha\u00eene en polyester, puis contrecoll\u00e9 sur un papier peint intiss\u00e9. L&#8217;utilisation de mat\u00e9riaux naturels et la production artisanale du rev\u00eatement mural expliquent les diff\u00e9rences de structure et de nuances. Par cons\u00e9quent, [&hellip;]\" \/>\n<meta property=\"og:url\" content=\"https:\/\/www.tenuedeville.com\/en\/product\/bluestar\/\" \/>\n<meta property=\"og:site_name\" content=\"Tenue de Ville\" \/>\n<meta property=\"article:publisher\" content=\"https:\/\/www.facebook.com\/tenuedeville.be\" \/>\n<meta property=\"article:modified_time\" content=\"2024-05-08T10:04:42+00:00\" \/>\n<meta property=\"og:image\" content=\"https:\/\/www.tenuedeville.com\/wp-content\/uploads\/2024\/02\/bluestar_royal_mapping_jpg_forweb-1.jpg\" \/>\n\t<meta property=\"og:image:width\" content=\"720\" \/>\n\t<meta property=\"og:image:height\" content=\"830\" \/>\n\t<meta property=\"og:image:type\" content=\"image\/jpeg\" \/>\n<meta name=\"twitter:card\" content=\"summary_large_image\" \/>\n<script type=\"application\/ld+json\" class=\"yoast-schema-graph\">{\"@context\":\"https:\\\/\\\/schema.org\",\"@graph\":[{\"@type\":\"WebPage\",\"@id\":\"https:\\\/\\\/www.tenuedeville.com\\\/en\\\/product\\\/bluestar\\\/\",\"url\":\"https:\\\/\\\/www.tenuedeville.com\\\/en\\\/product\\\/bluestar\\\/\",\"name\":\"Bluestar - Tenue de Ville\",\"isPartOf\":{\"@id\":\"https:\\\/\\\/www.tenuedeville.com\\\/#website\"},\"primaryImageOfPage\":{\"@id\":\"https:\\\/\\\/www.tenuedeville.com\\\/en\\\/product\\\/bluestar\\\/#primaryimage\"},\"image\":{\"@id\":\"https:\\\/\\\/www.tenuedeville.com\\\/en\\\/product\\\/bluestar\\\/#primaryimage\"},\"thumbnailUrl\":\"https:\\\/\\\/www.tenuedeville.com\\\/wp-content\\\/uploads\\\/2024\\\/02\\\/bluestar_royal_mapping_jpg_forweb-1.jpg\",\"datePublished\":\"2024-02-29T08:42:59+00:00\",\"dateModified\":\"2024-05-08T10:04:42+00:00\",\"breadcrumb\":{\"@id\":\"https:\\\/\\\/www.tenuedeville.com\\\/en\\\/product\\\/bluestar\\\/#breadcrumb\"},\"inLanguage\":\"en-US\",\"potentialAction\":[{\"@type\":\"ReadAction\",\"target\":[\"https:\\\/\\\/www.tenuedeville.com\\\/en\\\/product\\\/bluestar\\\/\"]}]},{\"@type\":\"ImageObject\",\"inLanguage\":\"en-US\",\"@id\":\"https:\\\/\\\/www.tenuedeville.com\\\/en\\\/product\\\/bluestar\\\/#primaryimage\",\"url\":\"https:\\\/\\\/www.tenuedeville.com\\\/wp-content\\\/uploads\\\/2024\\\/02\\\/bluestar_royal_mapping_jpg_forweb-1.jpg\",\"contentUrl\":\"https:\\\/\\\/www.tenuedeville.com\\\/wp-content\\\/uploads\\\/2024\\\/02\\\/bluestar_royal_mapping_jpg_forweb-1.jpg\",\"width\":720,\"height\":830},{\"@type\":\"BreadcrumbList\",\"@id\":\"https:\\\/\\\/www.tenuedeville.com\\\/en\\\/product\\\/bluestar\\\/#breadcrumb\",\"itemListElement\":[{\"@type\":\"ListItem\",\"position\":1,\"name\":\"Accueil\",\"item\":\"https:\\\/\\\/www.tenuedeville.com\\\/en\\\/\"},{\"@type\":\"ListItem\",\"position\":2,\"name\":\"Bluestar\"}]},{\"@type\":\"WebSite\",\"@id\":\"https:\\\/\\\/www.tenuedeville.com\\\/#website\",\"url\":\"https:\\\/\\\/www.tenuedeville.com\\\/\",\"name\":\"Tenue de Ville\",\"description\":\"Cr\u00e9ateur de papier peint design, imprim\u00e9 en Belgique\",\"publisher\":{\"@id\":\"https:\\\/\\\/www.tenuedeville.com\\\/#organization\"},\"potentialAction\":[{\"@type\":\"SearchAction\",\"target\":{\"@type\":\"EntryPoint\",\"urlTemplate\":\"https:\\\/\\\/www.tenuedeville.com\\\/?s={search_term_string}\"},\"query-input\":{\"@type\":\"PropertyValueSpecification\",\"valueRequired\":true,\"valueName\":\"search_term_string\"}}],\"inLanguage\":\"en-US\"},{\"@type\":\"Organization\",\"@id\":\"https:\\\/\\\/www.tenuedeville.com\\\/#organization\",\"name\":\"Tenue de Ville\",\"url\":\"https:\\\/\\\/www.tenuedeville.com\\\/\",\"logo\":{\"@type\":\"ImageObject\",\"inLanguage\":\"en-US\",\"@id\":\"https:\\\/\\\/www.tenuedeville.com\\\/#\\\/schema\\\/logo\\\/image\\\/\",\"url\":\"https:\\\/\\\/www.tenuedeville.com\\\/wp-content\\\/uploads\\\/2024\\\/04\\\/cropped-favicon.png\",\"contentUrl\":\"https:\\\/\\\/www.tenuedeville.com\\\/wp-content\\\/uploads\\\/2024\\\/04\\\/cropped-favicon.png\",\"width\":512,\"height\":512,\"caption\":\"Tenue de Ville\"},\"image\":{\"@id\":\"https:\\\/\\\/www.tenuedeville.com\\\/#\\\/schema\\\/logo\\\/image\\\/\"},\"sameAs\":[\"https:\\\/\\\/www.facebook.com\\\/tenuedeville.be\",\"https:\\\/\\\/www.instagram.com\\\/tenuedeville\\\/\",\"https:\\\/\\\/www.linkedin.com\\\/company\\\/tenue-de-ville\\\/\"]}]}<\/script>\n<!-- \/ Yoast SEO plugin. -->","yoast_head_json":{"title":"Bluestar - Tenue de Ville","robots":{"index":"index","follow":"follow","max-snippet":"max-snippet:-1","max-image-preview":"max-image-preview:large","max-video-preview":"max-video-preview:-1"},"canonical":"https:\/\/www.tenuedeville.com\/en\/product\/bluestar\/","og_locale":"en_US","og_type":"article","og_title":"Bluestar - Tenue de Ville","og_description":"Rev\u00eatement mural minimal. Ce papier peint panoramique est imprim\u00e9 sur &#8220;toile d&#8217;herbe&#8221;, \u00e9galement appel\u00e9 &#8220;paille japonaise&#8221;. Ce support est constitu\u00e9 d&#8217;herbes s\u00e9ch\u00e9es tiss\u00e9es sur cha\u00eene en polyester, puis contrecoll\u00e9 sur un papier peint intiss\u00e9. L&#8217;utilisation de mat\u00e9riaux naturels et la production artisanale du rev\u00eatement mural expliquent les diff\u00e9rences de structure et de nuances. Par cons\u00e9quent, [&hellip;]","og_url":"https:\/\/www.tenuedeville.com\/en\/product\/bluestar\/","og_site_name":"Tenue de Ville","article_publisher":"https:\/\/www.facebook.com\/tenuedeville.be","article_modified_time":"2024-05-08T10:04:42+00:00","og_image":[{"width":720,"height":830,"url":"https:\/\/www.tenuedeville.com\/wp-content\/uploads\/2024\/02\/bluestar_royal_mapping_jpg_forweb-1.jpg","type":"image\/jpeg"}],"twitter_card":"summary_large_image","schema":{"@context":"https:\/\/schema.org","@graph":[{"@type":"WebPage","@id":"https:\/\/www.tenuedeville.com\/en\/product\/bluestar\/","url":"https:\/\/www.tenuedeville.com\/en\/product\/bluestar\/","name":"Bluestar - Tenue de Ville","isPartOf":{"@id":"https:\/\/www.tenuedeville.com\/#website"},"primaryImageOfPage":{"@id":"https:\/\/www.tenuedeville.com\/en\/product\/bluestar\/#primaryimage"},"image":{"@id":"https:\/\/www.tenuedeville.com\/en\/product\/bluestar\/#primaryimage"},"thumbnailUrl":"https:\/\/www.tenuedeville.com\/wp-content\/uploads\/2024\/02\/bluestar_royal_mapping_jpg_forweb-1.jpg","datePublished":"2024-02-29T08:42:59+00:00","dateModified":"2024-05-08T10:04:42+00:00","breadcrumb":{"@id":"https:\/\/www.tenuedeville.com\/en\/product\/bluestar\/#breadcrumb"},"inLanguage":"en-US","potentialAction":[{"@type":"ReadAction","target":["https:\/\/www.tenuedeville.com\/en\/product\/bluestar\/"]}]},{"@type":"ImageObject","inLanguage":"en-US","@id":"https:\/\/www.tenuedeville.com\/en\/product\/bluestar\/#primaryimage","url":"https:\/\/www.tenuedeville.com\/wp-content\/uploads\/2024\/02\/bluestar_royal_mapping_jpg_forweb-1.jpg","contentUrl":"https:\/\/www.tenuedeville.com\/wp-content\/uploads\/2024\/02\/bluestar_royal_mapping_jpg_forweb-1.jpg","width":720,"height":830},{"@type":"BreadcrumbList","@id":"https:\/\/www.tenuedeville.com\/en\/product\/bluestar\/#breadcrumb","itemListElement":[{"@type":"ListItem","position":1,"name":"Accueil","item":"https:\/\/www.tenuedeville.com\/en\/"},{"@type":"ListItem","position":2,"name":"Bluestar"}]},{"@type":"WebSite","@id":"https:\/\/www.tenuedeville.com\/#website","url":"https:\/\/www.tenuedeville.com\/","name":"Tenue de Ville","description":"Cr\u00e9ateur de papier peint design, imprim\u00e9 en Belgique","publisher":{"@id":"https:\/\/www.tenuedeville.com\/#organization"},"potentialAction":[{"@type":"SearchAction","target":{"@type":"EntryPoint","urlTemplate":"https:\/\/www.tenuedeville.com\/?s={search_term_string}"},"query-input":{"@type":"PropertyValueSpecification","valueRequired":true,"valueName":"search_term_string"}}],"inLanguage":"en-US"},{"@type":"Organization","@id":"https:\/\/www.tenuedeville.com\/#organization","name":"Tenue de Ville","url":"https:\/\/www.tenuedeville.com\/","logo":{"@type":"ImageObject","inLanguage":"en-US","@id":"https:\/\/www.tenuedeville.com\/#\/schema\/logo\/image\/","url":"https:\/\/www.tenuedeville.com\/wp-content\/uploads\/2024\/04\/cropped-favicon.png","contentUrl":"https:\/\/www.tenuedeville.com\/wp-content\/uploads\/2024\/04\/cropped-favicon.png","width":512,"height":512,"caption":"Tenue de Ville"},"image":{"@id":"https:\/\/www.tenuedeville.com\/#\/schema\/logo\/image\/"},"sameAs":["https:\/\/www.facebook.com\/tenuedeville.be","https:\/\/www.instagram.com\/tenuedeville\/","https:\/\/www.linkedin.com\/company\/tenue-de-ville\/"]}]}},"_links":{"self":[{"href":"https:\/\/www.tenuedeville.com\/en\/wp-json\/wp\/v2\/product\/64511","targetHints":{"allow":["GET"]}}],"collection":[{"href":"https:\/\/www.tenuedeville.com\/en\/wp-json\/wp\/v2\/product"}],"about":[{"href":"https:\/\/www.tenuedeville.com\/en\/wp-json\/wp\/v2\/types\/product"}],"wp:featuredmedia":[{"embeddable":true,"href":"https:\/\/www.tenuedeville.com\/en\/wp-json\/wp\/v2\/media\/64224"}],"wp:attachment":[{"href":"https:\/\/www.tenuedeville.com\/en\/wp-json\/wp\/v2\/media?parent=64511"}],"wp:term":[{"taxonomy":"product_brand","embeddable":true,"href":"https:\/\/www.tenuedeville.com\/en\/wp-json\/wp\/v2\/product_brand?post=64511"},{"taxonomy":"product_cat","embeddable":true,"href":"https:\/\/www.tenuedeville.com\/en\/wp-json\/wp\/v2\/product_cat?post=64511"},{"taxonomy":"product_tag","embeddable":true,"href":"https:\/\/www.tenuedeville.com\/en\/wp-json\/wp\/v2\/product_tag?post=64511"}],"curies":[{"name":"wp","href":"https:\/\/api.w.org\/{rel}","templated":true}]}}