{"id":64584,"date":"2023-01-18T10:32:24","date_gmt":"2023-01-18T09:32:24","guid":{"rendered":"https:\/\/tenuedeville.promisys-web.be\/produit\/colorado\/"},"modified":"2024-05-08T12:06:53","modified_gmt":"2024-05-08T10:06:53","slug":"colorado","status":"publish","type":"product","link":"https:\/\/www.tenuedeville.com\/en\/product\/colorado\/","title":{"rendered":"Colorado"},"content":{"rendered":"\n<p>Inspir\u00e9e, comme son nom l&#8217;indique, par les paysages d\u00e9sertiques du Colorado, cette fresque r\u00e9v\u00e8le les coups de pinceau, comme c&#8217;est souvent le cas avec Tenue de Ville. Une simple d\u00e9limitation color\u00e9e entre le ciel et les montagnes sauvages, l&#8217;esquisse de base a \u00e9t\u00e9 r\u00e9alis\u00e9e \u00e0 la gouache. Un panorama qui d\u00e9gage une v\u00e9ritable tranquillit\u00e9 m\u00e9ditative.<\/p>\n","protected":false},"excerpt":{"rendered":"<p>Desert wallpaper<\/p>\n","protected":false},"featured_media":63972,"template":"","meta":{"_acf_changed":false},"product_brand":[],"product_cat":[262],"product_tag":[356,357,274,336,275],"class_list":{"0":"post-64584","1":"product","2":"type-product","3":"status-publish","4":"has-post-thumbnail","6":"product_cat-panoramics","7":"product_tag-colorado-en","8":"product_tag-desert-en","9":"product_tag-designerwallpaper-en","10":"product_tag-landscape-en","11":"product_tag-tenuedeville-en","13":"first","14":"instock","15":"shipping-taxable","16":"purchasable","17":"product-type-variable"},"acf":[],"yoast_head":"<!-- This site is optimized with the Yoast SEO plugin v27.4 - https:\/\/yoast.com\/product\/yoast-seo-wordpress\/ -->\n<title>Colorado - Tenue de Ville<\/title>\n<meta name=\"robots\" content=\"index, follow, max-snippet:-1, max-image-preview:large, max-video-preview:-1\" \/>\n<link rel=\"canonical\" href=\"https:\/\/www.tenuedeville.com\/en\/product\/colorado\/\" \/>\n<meta property=\"og:locale\" content=\"en_US\" \/>\n<meta property=\"og:type\" content=\"article\" \/>\n<meta property=\"og:title\" content=\"Colorado - Tenue de Ville\" \/>\n<meta property=\"og:description\" content=\"Desert wallpaper\" \/>\n<meta property=\"og:url\" content=\"https:\/\/www.tenuedeville.com\/en\/product\/colorado\/\" \/>\n<meta property=\"og:site_name\" content=\"Tenue de Ville\" \/>\n<meta property=\"article:publisher\" content=\"https:\/\/www.facebook.com\/tenuedeville.be\" \/>\n<meta property=\"article:modified_time\" content=\"2024-05-08T10:06:53+00:00\" \/>\n<meta property=\"og:image\" content=\"https:\/\/www.tenuedeville.com\/wp-content\/uploads\/2023\/01\/colorado_ochre_400x300cm_rvb_forweb-1.jpg\" \/>\n\t<meta property=\"og:image:width\" content=\"1100\" \/>\n\t<meta property=\"og:image:height\" content=\"825\" \/>\n\t<meta property=\"og:image:type\" content=\"image\/jpeg\" \/>\n<meta name=\"twitter:card\" content=\"summary_large_image\" \/>\n<script type=\"application\/ld+json\" class=\"yoast-schema-graph\">{\"@context\":\"https:\\\/\\\/schema.org\",\"@graph\":[{\"@type\":\"WebPage\",\"@id\":\"https:\\\/\\\/www.tenuedeville.com\\\/en\\\/product\\\/colorado\\\/\",\"url\":\"https:\\\/\\\/www.tenuedeville.com\\\/en\\\/product\\\/colorado\\\/\",\"name\":\"Colorado - Tenue de Ville\",\"isPartOf\":{\"@id\":\"https:\\\/\\\/www.tenuedeville.com\\\/#website\"},\"primaryImageOfPage\":{\"@id\":\"https:\\\/\\\/www.tenuedeville.com\\\/en\\\/product\\\/colorado\\\/#primaryimage\"},\"image\":{\"@id\":\"https:\\\/\\\/www.tenuedeville.com\\\/en\\\/product\\\/colorado\\\/#primaryimage\"},\"thumbnailUrl\":\"https:\\\/\\\/www.tenuedeville.com\\\/wp-content\\\/uploads\\\/2023\\\/01\\\/colorado_ochre_400x300cm_rvb_forweb-1.jpg\",\"datePublished\":\"2023-01-18T09:32:24+00:00\",\"dateModified\":\"2024-05-08T10:06:53+00:00\",\"breadcrumb\":{\"@id\":\"https:\\\/\\\/www.tenuedeville.com\\\/en\\\/product\\\/colorado\\\/#breadcrumb\"},\"inLanguage\":\"en-US\",\"potentialAction\":[{\"@type\":\"ReadAction\",\"target\":[\"https:\\\/\\\/www.tenuedeville.com\\\/en\\\/product\\\/colorado\\\/\"]}]},{\"@type\":\"ImageObject\",\"inLanguage\":\"en-US\",\"@id\":\"https:\\\/\\\/www.tenuedeville.com\\\/en\\\/product\\\/colorado\\\/#primaryimage\",\"url\":\"https:\\\/\\\/www.tenuedeville.com\\\/wp-content\\\/uploads\\\/2023\\\/01\\\/colorado_ochre_400x300cm_rvb_forweb-1.jpg\",\"contentUrl\":\"https:\\\/\\\/www.tenuedeville.com\\\/wp-content\\\/uploads\\\/2023\\\/01\\\/colorado_ochre_400x300cm_rvb_forweb-1.jpg\",\"width\":1100,\"height\":825},{\"@type\":\"BreadcrumbList\",\"@id\":\"https:\\\/\\\/www.tenuedeville.com\\\/en\\\/product\\\/colorado\\\/#breadcrumb\",\"itemListElement\":[{\"@type\":\"ListItem\",\"position\":1,\"name\":\"Accueil\",\"item\":\"https:\\\/\\\/www.tenuedeville.com\\\/en\\\/\"},{\"@type\":\"ListItem\",\"position\":2,\"name\":\"Colorado\"}]},{\"@type\":\"WebSite\",\"@id\":\"https:\\\/\\\/www.tenuedeville.com\\\/#website\",\"url\":\"https:\\\/\\\/www.tenuedeville.com\\\/\",\"name\":\"Tenue de Ville\",\"description\":\"Cr\u00e9ateur de papier peint design, imprim\u00e9 en Belgique\",\"publisher\":{\"@id\":\"https:\\\/\\\/www.tenuedeville.com\\\/#organization\"},\"potentialAction\":[{\"@type\":\"SearchAction\",\"target\":{\"@type\":\"EntryPoint\",\"urlTemplate\":\"https:\\\/\\\/www.tenuedeville.com\\\/?s={search_term_string}\"},\"query-input\":{\"@type\":\"PropertyValueSpecification\",\"valueRequired\":true,\"valueName\":\"search_term_string\"}}],\"inLanguage\":\"en-US\"},{\"@type\":\"Organization\",\"@id\":\"https:\\\/\\\/www.tenuedeville.com\\\/#organization\",\"name\":\"Tenue de Ville\",\"url\":\"https:\\\/\\\/www.tenuedeville.com\\\/\",\"logo\":{\"@type\":\"ImageObject\",\"inLanguage\":\"en-US\",\"@id\":\"https:\\\/\\\/www.tenuedeville.com\\\/#\\\/schema\\\/logo\\\/image\\\/\",\"url\":\"https:\\\/\\\/www.tenuedeville.com\\\/wp-content\\\/uploads\\\/2024\\\/04\\\/cropped-favicon.png\",\"contentUrl\":\"https:\\\/\\\/www.tenuedeville.com\\\/wp-content\\\/uploads\\\/2024\\\/04\\\/cropped-favicon.png\",\"width\":512,\"height\":512,\"caption\":\"Tenue de Ville\"},\"image\":{\"@id\":\"https:\\\/\\\/www.tenuedeville.com\\\/#\\\/schema\\\/logo\\\/image\\\/\"},\"sameAs\":[\"https:\\\/\\\/www.facebook.com\\\/tenuedeville.be\",\"https:\\\/\\\/www.instagram.com\\\/tenuedeville\\\/\",\"https:\\\/\\\/www.linkedin.com\\\/company\\\/tenue-de-ville\\\/\"]}]}<\/script>\n<!-- \/ Yoast SEO plugin. -->","yoast_head_json":{"title":"Colorado - Tenue de Ville","robots":{"index":"index","follow":"follow","max-snippet":"max-snippet:-1","max-image-preview":"max-image-preview:large","max-video-preview":"max-video-preview:-1"},"canonical":"https:\/\/www.tenuedeville.com\/en\/product\/colorado\/","og_locale":"en_US","og_type":"article","og_title":"Colorado - Tenue de Ville","og_description":"Desert wallpaper","og_url":"https:\/\/www.tenuedeville.com\/en\/product\/colorado\/","og_site_name":"Tenue de Ville","article_publisher":"https:\/\/www.facebook.com\/tenuedeville.be","article_modified_time":"2024-05-08T10:06:53+00:00","og_image":[{"width":1100,"height":825,"url":"https:\/\/www.tenuedeville.com\/wp-content\/uploads\/2023\/01\/colorado_ochre_400x300cm_rvb_forweb-1.jpg","type":"image\/jpeg"}],"twitter_card":"summary_large_image","schema":{"@context":"https:\/\/schema.org","@graph":[{"@type":"WebPage","@id":"https:\/\/www.tenuedeville.com\/en\/product\/colorado\/","url":"https:\/\/www.tenuedeville.com\/en\/product\/colorado\/","name":"Colorado - Tenue de Ville","isPartOf":{"@id":"https:\/\/www.tenuedeville.com\/#website"},"primaryImageOfPage":{"@id":"https:\/\/www.tenuedeville.com\/en\/product\/colorado\/#primaryimage"},"image":{"@id":"https:\/\/www.tenuedeville.com\/en\/product\/colorado\/#primaryimage"},"thumbnailUrl":"https:\/\/www.tenuedeville.com\/wp-content\/uploads\/2023\/01\/colorado_ochre_400x300cm_rvb_forweb-1.jpg","datePublished":"2023-01-18T09:32:24+00:00","dateModified":"2024-05-08T10:06:53+00:00","breadcrumb":{"@id":"https:\/\/www.tenuedeville.com\/en\/product\/colorado\/#breadcrumb"},"inLanguage":"en-US","potentialAction":[{"@type":"ReadAction","target":["https:\/\/www.tenuedeville.com\/en\/product\/colorado\/"]}]},{"@type":"ImageObject","inLanguage":"en-US","@id":"https:\/\/www.tenuedeville.com\/en\/product\/colorado\/#primaryimage","url":"https:\/\/www.tenuedeville.com\/wp-content\/uploads\/2023\/01\/colorado_ochre_400x300cm_rvb_forweb-1.jpg","contentUrl":"https:\/\/www.tenuedeville.com\/wp-content\/uploads\/2023\/01\/colorado_ochre_400x300cm_rvb_forweb-1.jpg","width":1100,"height":825},{"@type":"BreadcrumbList","@id":"https:\/\/www.tenuedeville.com\/en\/product\/colorado\/#breadcrumb","itemListElement":[{"@type":"ListItem","position":1,"name":"Accueil","item":"https:\/\/www.tenuedeville.com\/en\/"},{"@type":"ListItem","position":2,"name":"Colorado"}]},{"@type":"WebSite","@id":"https:\/\/www.tenuedeville.com\/#website","url":"https:\/\/www.tenuedeville.com\/","name":"Tenue de Ville","description":"Cr\u00e9ateur de papier peint design, imprim\u00e9 en Belgique","publisher":{"@id":"https:\/\/www.tenuedeville.com\/#organization"},"potentialAction":[{"@type":"SearchAction","target":{"@type":"EntryPoint","urlTemplate":"https:\/\/www.tenuedeville.com\/?s={search_term_string}"},"query-input":{"@type":"PropertyValueSpecification","valueRequired":true,"valueName":"search_term_string"}}],"inLanguage":"en-US"},{"@type":"Organization","@id":"https:\/\/www.tenuedeville.com\/#organization","name":"Tenue de Ville","url":"https:\/\/www.tenuedeville.com\/","logo":{"@type":"ImageObject","inLanguage":"en-US","@id":"https:\/\/www.tenuedeville.com\/#\/schema\/logo\/image\/","url":"https:\/\/www.tenuedeville.com\/wp-content\/uploads\/2024\/04\/cropped-favicon.png","contentUrl":"https:\/\/www.tenuedeville.com\/wp-content\/uploads\/2024\/04\/cropped-favicon.png","width":512,"height":512,"caption":"Tenue de Ville"},"image":{"@id":"https:\/\/www.tenuedeville.com\/#\/schema\/logo\/image\/"},"sameAs":["https:\/\/www.facebook.com\/tenuedeville.be","https:\/\/www.instagram.com\/tenuedeville\/","https:\/\/www.linkedin.com\/company\/tenue-de-ville\/"]}]}},"_links":{"self":[{"href":"https:\/\/www.tenuedeville.com\/en\/wp-json\/wp\/v2\/product\/64584","targetHints":{"allow":["GET"]}}],"collection":[{"href":"https:\/\/www.tenuedeville.com\/en\/wp-json\/wp\/v2\/product"}],"about":[{"href":"https:\/\/www.tenuedeville.com\/en\/wp-json\/wp\/v2\/types\/product"}],"wp:featuredmedia":[{"embeddable":true,"href":"https:\/\/www.tenuedeville.com\/en\/wp-json\/wp\/v2\/media\/63972"}],"wp:attachment":[{"href":"https:\/\/www.tenuedeville.com\/en\/wp-json\/wp\/v2\/media?parent=64584"}],"wp:term":[{"taxonomy":"product_brand","embeddable":true,"href":"https:\/\/www.tenuedeville.com\/en\/wp-json\/wp\/v2\/product_brand?post=64584"},{"taxonomy":"product_cat","embeddable":true,"href":"https:\/\/www.tenuedeville.com\/en\/wp-json\/wp\/v2\/product_cat?post=64584"},{"taxonomy":"product_tag","embeddable":true,"href":"https:\/\/www.tenuedeville.com\/en\/wp-json\/wp\/v2\/product_tag?post=64584"}],"curies":[{"name":"wp","href":"https:\/\/api.w.org\/{rel}","templated":true}]}}