{"id":64675,"date":"2020-12-03T16:42:57","date_gmt":"2020-12-03T15:42:57","guid":{"rendered":"https:\/\/tenuedeville.promisys-web.be\/produit\/affiche-totem-jade\/"},"modified":"2024-05-08T12:08:24","modified_gmt":"2024-05-08T10:08:24","slug":"affiche-totem-jade","status":"publish","type":"product","link":"https:\/\/www.tenuedeville.com\/en\/product\/affiche-totem-jade\/","title":{"rendered":"Affiche Totem Jade"},"content":{"rendered":"\n<p>TOTEM, notre r\u00e9f\u00e9rence iconique est maintenant disponible dans sa version poster !<\/p>\n\n<p>50 x 70 cm<\/p>\n\n<p>imprim\u00e9 sur papier peint (intiss\u00e9 110 g\/m\u00b2)<\/p>\n\n<p><strong>Cadre non inclus<\/strong><\/p>\n","protected":false},"excerpt":{"rendered":"<p>TOTEM, notre r\u00e9f\u00e9rence iconique est maintenant disponible dans sa version poster ! 50 x 70 cm imprim\u00e9 sur papier peint (intiss\u00e9 110 g\/m\u00b2) Cadre non inclus<\/p>\n","protected":false},"featured_media":63571,"template":"","meta":{"_acf_changed":false},"product_brand":[],"product_cat":[264],"product_tag":[423],"class_list":{"0":"post-64675","1":"product","2":"type-product","3":"status-publish","4":"has-post-thumbnail","6":"product_cat-accessories","7":"product_tag-poster-50x70cm-totem-en","8":"product_shipping_class-free-shipping","10":"first","11":"outofstock","12":"shipping-taxable","13":"purchasable","14":"product-type-variable"},"acf":[],"yoast_head":"<!-- This site is optimized with the Yoast SEO plugin v27.4 - https:\/\/yoast.com\/product\/yoast-seo-wordpress\/ -->\n<title>Affiche Totem Jade - Tenue de Ville<\/title>\n<meta name=\"robots\" content=\"index, follow, max-snippet:-1, max-image-preview:large, max-video-preview:-1\" \/>\n<link rel=\"canonical\" href=\"https:\/\/www.tenuedeville.com\/product\/affiche-totem-jade\/\" \/>\n<meta property=\"og:locale\" content=\"en_US\" \/>\n<meta property=\"og:type\" content=\"article\" \/>\n<meta property=\"og:title\" content=\"Affiche Totem Jade - Tenue de Ville\" \/>\n<meta property=\"og:description\" content=\"TOTEM, notre r\u00e9f\u00e9rence iconique est maintenant disponible dans sa version poster ! 50 x 70 cm imprim\u00e9 sur papier peint (intiss\u00e9 110 g\/m\u00b2) Cadre non inclus\" \/>\n<meta property=\"og:url\" content=\"https:\/\/www.tenuedeville.com\/product\/affiche-totem-jade\/\" \/>\n<meta property=\"og:site_name\" content=\"Tenue de Ville\" \/>\n<meta property=\"article:publisher\" content=\"https:\/\/www.facebook.com\/tenuedeville.be\" \/>\n<meta property=\"article:modified_time\" content=\"2024-05-08T10:08:24+00:00\" \/>\n<meta property=\"og:image\" content=\"https:\/\/www.tenuedeville.com\/wp-content\/uploads\/2020\/10\/Totem_jade_cadre_photos-6forweb-scaled-1.jpg\" \/>\n\t<meta property=\"og:image:width\" content=\"1702\" \/>\n\t<meta property=\"og:image:height\" content=\"2560\" \/>\n\t<meta property=\"og:image:type\" content=\"image\/jpeg\" \/>\n<meta name=\"twitter:card\" content=\"summary_large_image\" \/>\n<script type=\"application\/ld+json\" class=\"yoast-schema-graph\">{\"@context\":\"https:\\\/\\\/schema.org\",\"@graph\":[{\"@type\":\"WebPage\",\"@id\":\"https:\\\/\\\/www.tenuedeville.com\\\/product\\\/affiche-totem-jade\\\/\",\"url\":\"https:\\\/\\\/www.tenuedeville.com\\\/product\\\/affiche-totem-jade\\\/\",\"name\":\"Affiche Totem Jade - Tenue de Ville\",\"isPartOf\":{\"@id\":\"https:\\\/\\\/www.tenuedeville.com\\\/#website\"},\"primaryImageOfPage\":{\"@id\":\"https:\\\/\\\/www.tenuedeville.com\\\/product\\\/affiche-totem-jade\\\/#primaryimage\"},\"image\":{\"@id\":\"https:\\\/\\\/www.tenuedeville.com\\\/product\\\/affiche-totem-jade\\\/#primaryimage\"},\"thumbnailUrl\":\"https:\\\/\\\/www.tenuedeville.com\\\/wp-content\\\/uploads\\\/2020\\\/10\\\/Totem_jade_cadre_photos-6forweb-scaled-1.jpg\",\"datePublished\":\"2020-12-03T15:42:57+00:00\",\"dateModified\":\"2024-05-08T10:08:24+00:00\",\"breadcrumb\":{\"@id\":\"https:\\\/\\\/www.tenuedeville.com\\\/product\\\/affiche-totem-jade\\\/#breadcrumb\"},\"inLanguage\":\"en-US\",\"potentialAction\":[{\"@type\":\"ReadAction\",\"target\":[\"https:\\\/\\\/www.tenuedeville.com\\\/product\\\/affiche-totem-jade\\\/\"]}]},{\"@type\":\"ImageObject\",\"inLanguage\":\"en-US\",\"@id\":\"https:\\\/\\\/www.tenuedeville.com\\\/product\\\/affiche-totem-jade\\\/#primaryimage\",\"url\":\"https:\\\/\\\/www.tenuedeville.com\\\/wp-content\\\/uploads\\\/2020\\\/10\\\/Totem_jade_cadre_photos-6forweb-scaled-1.jpg\",\"contentUrl\":\"https:\\\/\\\/www.tenuedeville.com\\\/wp-content\\\/uploads\\\/2020\\\/10\\\/Totem_jade_cadre_photos-6forweb-scaled-1.jpg\",\"width\":1702,\"height\":2560},{\"@type\":\"BreadcrumbList\",\"@id\":\"https:\\\/\\\/www.tenuedeville.com\\\/product\\\/affiche-totem-jade\\\/#breadcrumb\",\"itemListElement\":[{\"@type\":\"ListItem\",\"position\":1,\"name\":\"Accueil\",\"item\":\"https:\\\/\\\/www.tenuedeville.com\\\/en\\\/\"},{\"@type\":\"ListItem\",\"position\":2,\"name\":\"Affiche Totem Jade\"}]},{\"@type\":\"WebSite\",\"@id\":\"https:\\\/\\\/www.tenuedeville.com\\\/#website\",\"url\":\"https:\\\/\\\/www.tenuedeville.com\\\/\",\"name\":\"Tenue de Ville\",\"description\":\"Cr\u00e9ateur de papier peint design, imprim\u00e9 en Belgique\",\"publisher\":{\"@id\":\"https:\\\/\\\/www.tenuedeville.com\\\/#organization\"},\"potentialAction\":[{\"@type\":\"SearchAction\",\"target\":{\"@type\":\"EntryPoint\",\"urlTemplate\":\"https:\\\/\\\/www.tenuedeville.com\\\/?s={search_term_string}\"},\"query-input\":{\"@type\":\"PropertyValueSpecification\",\"valueRequired\":true,\"valueName\":\"search_term_string\"}}],\"inLanguage\":\"en-US\"},{\"@type\":\"Organization\",\"@id\":\"https:\\\/\\\/www.tenuedeville.com\\\/#organization\",\"name\":\"Tenue de Ville\",\"url\":\"https:\\\/\\\/www.tenuedeville.com\\\/\",\"logo\":{\"@type\":\"ImageObject\",\"inLanguage\":\"en-US\",\"@id\":\"https:\\\/\\\/www.tenuedeville.com\\\/#\\\/schema\\\/logo\\\/image\\\/\",\"url\":\"https:\\\/\\\/www.tenuedeville.com\\\/wp-content\\\/uploads\\\/2024\\\/04\\\/cropped-favicon.png\",\"contentUrl\":\"https:\\\/\\\/www.tenuedeville.com\\\/wp-content\\\/uploads\\\/2024\\\/04\\\/cropped-favicon.png\",\"width\":512,\"height\":512,\"caption\":\"Tenue de Ville\"},\"image\":{\"@id\":\"https:\\\/\\\/www.tenuedeville.com\\\/#\\\/schema\\\/logo\\\/image\\\/\"},\"sameAs\":[\"https:\\\/\\\/www.facebook.com\\\/tenuedeville.be\",\"https:\\\/\\\/www.instagram.com\\\/tenuedeville\\\/\",\"https:\\\/\\\/www.linkedin.com\\\/company\\\/tenue-de-ville\\\/\"]}]}<\/script>\n<!-- \/ Yoast SEO plugin. -->","yoast_head_json":{"title":"Affiche Totem Jade - Tenue de Ville","robots":{"index":"index","follow":"follow","max-snippet":"max-snippet:-1","max-image-preview":"max-image-preview:large","max-video-preview":"max-video-preview:-1"},"canonical":"https:\/\/www.tenuedeville.com\/product\/affiche-totem-jade\/","og_locale":"en_US","og_type":"article","og_title":"Affiche Totem Jade - Tenue de Ville","og_description":"TOTEM, notre r\u00e9f\u00e9rence iconique est maintenant disponible dans sa version poster ! 50 x 70 cm imprim\u00e9 sur papier peint (intiss\u00e9 110 g\/m\u00b2) Cadre non inclus","og_url":"https:\/\/www.tenuedeville.com\/product\/affiche-totem-jade\/","og_site_name":"Tenue de Ville","article_publisher":"https:\/\/www.facebook.com\/tenuedeville.be","article_modified_time":"2024-05-08T10:08:24+00:00","og_image":[{"width":1702,"height":2560,"url":"https:\/\/www.tenuedeville.com\/wp-content\/uploads\/2020\/10\/Totem_jade_cadre_photos-6forweb-scaled-1.jpg","type":"image\/jpeg"}],"twitter_card":"summary_large_image","schema":{"@context":"https:\/\/schema.org","@graph":[{"@type":"WebPage","@id":"https:\/\/www.tenuedeville.com\/product\/affiche-totem-jade\/","url":"https:\/\/www.tenuedeville.com\/product\/affiche-totem-jade\/","name":"Affiche Totem Jade - Tenue de Ville","isPartOf":{"@id":"https:\/\/www.tenuedeville.com\/#website"},"primaryImageOfPage":{"@id":"https:\/\/www.tenuedeville.com\/product\/affiche-totem-jade\/#primaryimage"},"image":{"@id":"https:\/\/www.tenuedeville.com\/product\/affiche-totem-jade\/#primaryimage"},"thumbnailUrl":"https:\/\/www.tenuedeville.com\/wp-content\/uploads\/2020\/10\/Totem_jade_cadre_photos-6forweb-scaled-1.jpg","datePublished":"2020-12-03T15:42:57+00:00","dateModified":"2024-05-08T10:08:24+00:00","breadcrumb":{"@id":"https:\/\/www.tenuedeville.com\/product\/affiche-totem-jade\/#breadcrumb"},"inLanguage":"en-US","potentialAction":[{"@type":"ReadAction","target":["https:\/\/www.tenuedeville.com\/product\/affiche-totem-jade\/"]}]},{"@type":"ImageObject","inLanguage":"en-US","@id":"https:\/\/www.tenuedeville.com\/product\/affiche-totem-jade\/#primaryimage","url":"https:\/\/www.tenuedeville.com\/wp-content\/uploads\/2020\/10\/Totem_jade_cadre_photos-6forweb-scaled-1.jpg","contentUrl":"https:\/\/www.tenuedeville.com\/wp-content\/uploads\/2020\/10\/Totem_jade_cadre_photos-6forweb-scaled-1.jpg","width":1702,"height":2560},{"@type":"BreadcrumbList","@id":"https:\/\/www.tenuedeville.com\/product\/affiche-totem-jade\/#breadcrumb","itemListElement":[{"@type":"ListItem","position":1,"name":"Accueil","item":"https:\/\/www.tenuedeville.com\/en\/"},{"@type":"ListItem","position":2,"name":"Affiche Totem Jade"}]},{"@type":"WebSite","@id":"https:\/\/www.tenuedeville.com\/#website","url":"https:\/\/www.tenuedeville.com\/","name":"Tenue de Ville","description":"Cr\u00e9ateur de papier peint design, imprim\u00e9 en Belgique","publisher":{"@id":"https:\/\/www.tenuedeville.com\/#organization"},"potentialAction":[{"@type":"SearchAction","target":{"@type":"EntryPoint","urlTemplate":"https:\/\/www.tenuedeville.com\/?s={search_term_string}"},"query-input":{"@type":"PropertyValueSpecification","valueRequired":true,"valueName":"search_term_string"}}],"inLanguage":"en-US"},{"@type":"Organization","@id":"https:\/\/www.tenuedeville.com\/#organization","name":"Tenue de Ville","url":"https:\/\/www.tenuedeville.com\/","logo":{"@type":"ImageObject","inLanguage":"en-US","@id":"https:\/\/www.tenuedeville.com\/#\/schema\/logo\/image\/","url":"https:\/\/www.tenuedeville.com\/wp-content\/uploads\/2024\/04\/cropped-favicon.png","contentUrl":"https:\/\/www.tenuedeville.com\/wp-content\/uploads\/2024\/04\/cropped-favicon.png","width":512,"height":512,"caption":"Tenue de Ville"},"image":{"@id":"https:\/\/www.tenuedeville.com\/#\/schema\/logo\/image\/"},"sameAs":["https:\/\/www.facebook.com\/tenuedeville.be","https:\/\/www.instagram.com\/tenuedeville\/","https:\/\/www.linkedin.com\/company\/tenue-de-ville\/"]}]}},"_links":{"self":[{"href":"https:\/\/www.tenuedeville.com\/en\/wp-json\/wp\/v2\/product\/64675","targetHints":{"allow":["GET"]}}],"collection":[{"href":"https:\/\/www.tenuedeville.com\/en\/wp-json\/wp\/v2\/product"}],"about":[{"href":"https:\/\/www.tenuedeville.com\/en\/wp-json\/wp\/v2\/types\/product"}],"wp:featuredmedia":[{"embeddable":true,"href":"https:\/\/www.tenuedeville.com\/en\/wp-json\/wp\/v2\/media\/63571"}],"wp:attachment":[{"href":"https:\/\/www.tenuedeville.com\/en\/wp-json\/wp\/v2\/media?parent=64675"}],"wp:term":[{"taxonomy":"product_brand","embeddable":true,"href":"https:\/\/www.tenuedeville.com\/en\/wp-json\/wp\/v2\/product_brand?post=64675"},{"taxonomy":"product_cat","embeddable":true,"href":"https:\/\/www.tenuedeville.com\/en\/wp-json\/wp\/v2\/product_cat?post=64675"},{"taxonomy":"product_tag","embeddable":true,"href":"https:\/\/www.tenuedeville.com\/en\/wp-json\/wp\/v2\/product_tag?post=64675"}],"curies":[{"name":"wp","href":"https:\/\/api.w.org\/{rel}","templated":true}]}}