{"id":64685,"date":"2020-02-07T19:14:51","date_gmt":"2020-02-07T18:14:51","guid":{"rendered":"https:\/\/tenuedeville.promisys-web.be\/produit\/carnets-a5\/"},"modified":"2024-05-08T12:09:38","modified_gmt":"2024-05-08T10:09:38","slug":"carnets-a5","status":"publish","type":"product","link":"https:\/\/www.tenuedeville.com\/en\/product\/carnets-a5\/","title":{"rendered":"Carnets A5"},"content":{"rendered":"\n<p>Un carnet pratique, fait \u00e0 la main, \u00e0 partir de nos papiers peints de fin de stock ou de restes, 100% produit en Belgique.<\/p>\n\n<p>La production de Tenue de Ville s&#8217;inscrit toujours dans une d\u00e9marche locale et environnementale. C&#8217;est pourquoi nous recyclons la fin de nos stocks pour cr\u00e9er des produits de valeur, tels que ces carnets.<br\/>La qualit\u00e9 du papier est excellente pour l&#8217;\u00e9criture mais aussi pour le dessin et la peinture.<br\/>Tous ces nouveaux produits circulaires sont bien s\u00fbr fabriqu\u00e9s \u00e0 la main en Belgique, en respectant une cha\u00eene de production courte, et avec le moins de transports possible.<\/p>\n\n<p>En achetant nos cahiers, vous vous faites un beau cadeau ou faites un cadeau \u00e0 un ami, mais vous participez aussi \u00e0 la r\u00e9duction des d\u00e9chets !<\/p>\n","protected":false},"excerpt":{"rendered":"<p>Un carnet pratique, fait \u00e0 la main, \u00e0 partir de nos papiers peints de fin de stock ou de restes, 100% produit en Belgique. La production de Tenue de Ville s&#8217;inscrit toujours dans une d\u00e9marche locale et environnementale. C&#8217;est pourquoi nous recyclons la fin de nos stocks pour cr\u00e9er des produits de valeur, tels que [&hellip;]<\/p>\n","protected":false},"featured_media":63516,"template":"","meta":{"_acf_changed":false},"product_brand":[],"product_cat":[264],"product_tag":[],"class_list":{"0":"post-64685","1":"product","2":"type-product","3":"status-publish","4":"has-post-thumbnail","6":"product_cat-accessories","7":"product_shipping_class-sample-product-shipping","9":"first","10":"instock","11":"shipping-taxable","12":"purchasable","13":"product-type-variable"},"acf":[],"yoast_head":"<!-- This site is optimized with the Yoast SEO plugin v27.4 - https:\/\/yoast.com\/product\/yoast-seo-wordpress\/ -->\n<title>Carnets A5 - Tenue de Ville<\/title>\n<meta name=\"robots\" content=\"index, follow, max-snippet:-1, max-image-preview:large, max-video-preview:-1\" \/>\n<link rel=\"canonical\" href=\"https:\/\/www.tenuedeville.com\/product\/carnets-a5\/\" \/>\n<meta property=\"og:locale\" content=\"en_US\" \/>\n<meta property=\"og:type\" content=\"article\" \/>\n<meta property=\"og:title\" content=\"Carnets A5 - Tenue de Ville\" \/>\n<meta property=\"og:description\" content=\"Un carnet pratique, fait \u00e0 la main, \u00e0 partir de nos papiers peints de fin de stock ou de restes, 100% produit en Belgique. La production de Tenue de Ville s&#8217;inscrit toujours dans une d\u00e9marche locale et environnementale. C&#8217;est pourquoi nous recyclons la fin de nos stocks pour cr\u00e9er des produits de valeur, tels que [&hellip;]\" \/>\n<meta property=\"og:url\" content=\"https:\/\/www.tenuedeville.com\/product\/carnets-a5\/\" \/>\n<meta property=\"og:site_name\" content=\"Tenue de Ville\" \/>\n<meta property=\"article:publisher\" content=\"https:\/\/www.facebook.com\/tenuedeville.be\" \/>\n<meta property=\"article:modified_time\" content=\"2024-05-08T10:09:38+00:00\" \/>\n<meta property=\"og:image\" content=\"https:\/\/www.tenuedeville.com\/wp-content\/uploads\/2020\/02\/DSC06552b-froweb.jpg\" \/>\n\t<meta property=\"og:image:width\" content=\"1000\" \/>\n\t<meta property=\"og:image:height\" content=\"932\" \/>\n\t<meta property=\"og:image:type\" content=\"image\/jpeg\" \/>\n<meta name=\"twitter:card\" content=\"summary_large_image\" \/>\n<meta name=\"twitter:label1\" content=\"Est. reading time\" \/>\n\t<meta name=\"twitter:data1\" content=\"1 minute\" \/>\n<script type=\"application\/ld+json\" class=\"yoast-schema-graph\">{\"@context\":\"https:\\\/\\\/schema.org\",\"@graph\":[{\"@type\":\"WebPage\",\"@id\":\"https:\\\/\\\/www.tenuedeville.com\\\/product\\\/carnets-a5\\\/\",\"url\":\"https:\\\/\\\/www.tenuedeville.com\\\/product\\\/carnets-a5\\\/\",\"name\":\"Carnets A5 - Tenue de Ville\",\"isPartOf\":{\"@id\":\"https:\\\/\\\/www.tenuedeville.com\\\/#website\"},\"primaryImageOfPage\":{\"@id\":\"https:\\\/\\\/www.tenuedeville.com\\\/product\\\/carnets-a5\\\/#primaryimage\"},\"image\":{\"@id\":\"https:\\\/\\\/www.tenuedeville.com\\\/product\\\/carnets-a5\\\/#primaryimage\"},\"thumbnailUrl\":\"https:\\\/\\\/www.tenuedeville.com\\\/wp-content\\\/uploads\\\/2020\\\/02\\\/DSC06552b-froweb.jpg\",\"datePublished\":\"2020-02-07T18:14:51+00:00\",\"dateModified\":\"2024-05-08T10:09:38+00:00\",\"breadcrumb\":{\"@id\":\"https:\\\/\\\/www.tenuedeville.com\\\/product\\\/carnets-a5\\\/#breadcrumb\"},\"inLanguage\":\"en-US\",\"potentialAction\":[{\"@type\":\"ReadAction\",\"target\":[\"https:\\\/\\\/www.tenuedeville.com\\\/product\\\/carnets-a5\\\/\"]}]},{\"@type\":\"ImageObject\",\"inLanguage\":\"en-US\",\"@id\":\"https:\\\/\\\/www.tenuedeville.com\\\/product\\\/carnets-a5\\\/#primaryimage\",\"url\":\"https:\\\/\\\/www.tenuedeville.com\\\/wp-content\\\/uploads\\\/2020\\\/02\\\/DSC06552b-froweb.jpg\",\"contentUrl\":\"https:\\\/\\\/www.tenuedeville.com\\\/wp-content\\\/uploads\\\/2020\\\/02\\\/DSC06552b-froweb.jpg\",\"width\":1000,\"height\":932},{\"@type\":\"BreadcrumbList\",\"@id\":\"https:\\\/\\\/www.tenuedeville.com\\\/product\\\/carnets-a5\\\/#breadcrumb\",\"itemListElement\":[{\"@type\":\"ListItem\",\"position\":1,\"name\":\"Accueil\",\"item\":\"https:\\\/\\\/www.tenuedeville.com\\\/en\\\/\"},{\"@type\":\"ListItem\",\"position\":2,\"name\":\"Carnets A5\"}]},{\"@type\":\"WebSite\",\"@id\":\"https:\\\/\\\/www.tenuedeville.com\\\/#website\",\"url\":\"https:\\\/\\\/www.tenuedeville.com\\\/\",\"name\":\"Tenue de Ville\",\"description\":\"Cr\u00e9ateur de papier peint design, imprim\u00e9 en Belgique\",\"publisher\":{\"@id\":\"https:\\\/\\\/www.tenuedeville.com\\\/#organization\"},\"potentialAction\":[{\"@type\":\"SearchAction\",\"target\":{\"@type\":\"EntryPoint\",\"urlTemplate\":\"https:\\\/\\\/www.tenuedeville.com\\\/?s={search_term_string}\"},\"query-input\":{\"@type\":\"PropertyValueSpecification\",\"valueRequired\":true,\"valueName\":\"search_term_string\"}}],\"inLanguage\":\"en-US\"},{\"@type\":\"Organization\",\"@id\":\"https:\\\/\\\/www.tenuedeville.com\\\/#organization\",\"name\":\"Tenue de Ville\",\"url\":\"https:\\\/\\\/www.tenuedeville.com\\\/\",\"logo\":{\"@type\":\"ImageObject\",\"inLanguage\":\"en-US\",\"@id\":\"https:\\\/\\\/www.tenuedeville.com\\\/#\\\/schema\\\/logo\\\/image\\\/\",\"url\":\"https:\\\/\\\/www.tenuedeville.com\\\/wp-content\\\/uploads\\\/2024\\\/04\\\/cropped-favicon.png\",\"contentUrl\":\"https:\\\/\\\/www.tenuedeville.com\\\/wp-content\\\/uploads\\\/2024\\\/04\\\/cropped-favicon.png\",\"width\":512,\"height\":512,\"caption\":\"Tenue de Ville\"},\"image\":{\"@id\":\"https:\\\/\\\/www.tenuedeville.com\\\/#\\\/schema\\\/logo\\\/image\\\/\"},\"sameAs\":[\"https:\\\/\\\/www.facebook.com\\\/tenuedeville.be\",\"https:\\\/\\\/www.instagram.com\\\/tenuedeville\\\/\",\"https:\\\/\\\/www.linkedin.com\\\/company\\\/tenue-de-ville\\\/\"]}]}<\/script>\n<!-- \/ Yoast SEO plugin. -->","yoast_head_json":{"title":"Carnets A5 - Tenue de Ville","robots":{"index":"index","follow":"follow","max-snippet":"max-snippet:-1","max-image-preview":"max-image-preview:large","max-video-preview":"max-video-preview:-1"},"canonical":"https:\/\/www.tenuedeville.com\/product\/carnets-a5\/","og_locale":"en_US","og_type":"article","og_title":"Carnets A5 - Tenue de Ville","og_description":"Un carnet pratique, fait \u00e0 la main, \u00e0 partir de nos papiers peints de fin de stock ou de restes, 100% produit en Belgique. La production de Tenue de Ville s&#8217;inscrit toujours dans une d\u00e9marche locale et environnementale. C&#8217;est pourquoi nous recyclons la fin de nos stocks pour cr\u00e9er des produits de valeur, tels que [&hellip;]","og_url":"https:\/\/www.tenuedeville.com\/product\/carnets-a5\/","og_site_name":"Tenue de Ville","article_publisher":"https:\/\/www.facebook.com\/tenuedeville.be","article_modified_time":"2024-05-08T10:09:38+00:00","og_image":[{"width":1000,"height":932,"url":"https:\/\/www.tenuedeville.com\/wp-content\/uploads\/2020\/02\/DSC06552b-froweb.jpg","type":"image\/jpeg"}],"twitter_card":"summary_large_image","twitter_misc":{"Est. reading time":"1 minute"},"schema":{"@context":"https:\/\/schema.org","@graph":[{"@type":"WebPage","@id":"https:\/\/www.tenuedeville.com\/product\/carnets-a5\/","url":"https:\/\/www.tenuedeville.com\/product\/carnets-a5\/","name":"Carnets A5 - Tenue de Ville","isPartOf":{"@id":"https:\/\/www.tenuedeville.com\/#website"},"primaryImageOfPage":{"@id":"https:\/\/www.tenuedeville.com\/product\/carnets-a5\/#primaryimage"},"image":{"@id":"https:\/\/www.tenuedeville.com\/product\/carnets-a5\/#primaryimage"},"thumbnailUrl":"https:\/\/www.tenuedeville.com\/wp-content\/uploads\/2020\/02\/DSC06552b-froweb.jpg","datePublished":"2020-02-07T18:14:51+00:00","dateModified":"2024-05-08T10:09:38+00:00","breadcrumb":{"@id":"https:\/\/www.tenuedeville.com\/product\/carnets-a5\/#breadcrumb"},"inLanguage":"en-US","potentialAction":[{"@type":"ReadAction","target":["https:\/\/www.tenuedeville.com\/product\/carnets-a5\/"]}]},{"@type":"ImageObject","inLanguage":"en-US","@id":"https:\/\/www.tenuedeville.com\/product\/carnets-a5\/#primaryimage","url":"https:\/\/www.tenuedeville.com\/wp-content\/uploads\/2020\/02\/DSC06552b-froweb.jpg","contentUrl":"https:\/\/www.tenuedeville.com\/wp-content\/uploads\/2020\/02\/DSC06552b-froweb.jpg","width":1000,"height":932},{"@type":"BreadcrumbList","@id":"https:\/\/www.tenuedeville.com\/product\/carnets-a5\/#breadcrumb","itemListElement":[{"@type":"ListItem","position":1,"name":"Accueil","item":"https:\/\/www.tenuedeville.com\/en\/"},{"@type":"ListItem","position":2,"name":"Carnets A5"}]},{"@type":"WebSite","@id":"https:\/\/www.tenuedeville.com\/#website","url":"https:\/\/www.tenuedeville.com\/","name":"Tenue de Ville","description":"Cr\u00e9ateur de papier peint design, imprim\u00e9 en Belgique","publisher":{"@id":"https:\/\/www.tenuedeville.com\/#organization"},"potentialAction":[{"@type":"SearchAction","target":{"@type":"EntryPoint","urlTemplate":"https:\/\/www.tenuedeville.com\/?s={search_term_string}"},"query-input":{"@type":"PropertyValueSpecification","valueRequired":true,"valueName":"search_term_string"}}],"inLanguage":"en-US"},{"@type":"Organization","@id":"https:\/\/www.tenuedeville.com\/#organization","name":"Tenue de Ville","url":"https:\/\/www.tenuedeville.com\/","logo":{"@type":"ImageObject","inLanguage":"en-US","@id":"https:\/\/www.tenuedeville.com\/#\/schema\/logo\/image\/","url":"https:\/\/www.tenuedeville.com\/wp-content\/uploads\/2024\/04\/cropped-favicon.png","contentUrl":"https:\/\/www.tenuedeville.com\/wp-content\/uploads\/2024\/04\/cropped-favicon.png","width":512,"height":512,"caption":"Tenue de Ville"},"image":{"@id":"https:\/\/www.tenuedeville.com\/#\/schema\/logo\/image\/"},"sameAs":["https:\/\/www.facebook.com\/tenuedeville.be","https:\/\/www.instagram.com\/tenuedeville\/","https:\/\/www.linkedin.com\/company\/tenue-de-ville\/"]}]}},"_links":{"self":[{"href":"https:\/\/www.tenuedeville.com\/en\/wp-json\/wp\/v2\/product\/64685","targetHints":{"allow":["GET"]}}],"collection":[{"href":"https:\/\/www.tenuedeville.com\/en\/wp-json\/wp\/v2\/product"}],"about":[{"href":"https:\/\/www.tenuedeville.com\/en\/wp-json\/wp\/v2\/types\/product"}],"wp:featuredmedia":[{"embeddable":true,"href":"https:\/\/www.tenuedeville.com\/en\/wp-json\/wp\/v2\/media\/63516"}],"wp:attachment":[{"href":"https:\/\/www.tenuedeville.com\/en\/wp-json\/wp\/v2\/media?parent=64685"}],"wp:term":[{"taxonomy":"product_brand","embeddable":true,"href":"https:\/\/www.tenuedeville.com\/en\/wp-json\/wp\/v2\/product_brand?post=64685"},{"taxonomy":"product_cat","embeddable":true,"href":"https:\/\/www.tenuedeville.com\/en\/wp-json\/wp\/v2\/product_cat?post=64685"},{"taxonomy":"product_tag","embeddable":true,"href":"https:\/\/www.tenuedeville.com\/en\/wp-json\/wp\/v2\/product_tag?post=64685"}],"curies":[{"name":"wp","href":"https:\/\/api.w.org\/{rel}","templated":true}]}}