{"id":64728,"date":"2020-01-08T09:35:54","date_gmt":"2020-01-08T08:35:54","guid":{"rendered":"https:\/\/tenuedeville.promisys-web.be\/produit\/breizh\/"},"modified":"2024-05-08T12:10:06","modified_gmt":"2024-05-08T10:10:06","slug":"breizh","status":"publish","type":"product","link":"https:\/\/www.tenuedeville.com\/en\/product\/breizh\/","title":{"rendered":"Breizh"},"content":{"rendered":"\n<p>Des papiers d\u00e9coup\u00e9s montrent un paysage simplifi\u00e9 rappelant les c\u00f4tes de la Grande-Bretagne, dans le nord de la France.<\/p>\n","protected":false},"excerpt":{"rendered":"<p>paysage marin stylis\u00e9<\/p>\n","protected":false},"featured_media":63405,"template":"","meta":{"_acf_changed":false},"product_brand":[],"product_cat":[262],"product_tag":[],"class_list":{"0":"post-64728","1":"product","2":"type-product","3":"status-publish","4":"has-post-thumbnail","6":"product_cat-panoramics","8":"first","9":"instock","10":"shipping-taxable","11":"purchasable","12":"product-type-variable"},"acf":[],"yoast_head":"<!-- This site is optimized with the Yoast SEO plugin v27.3 - https:\/\/yoast.com\/product\/yoast-seo-wordpress\/ -->\n<title>Breizh - Tenue de Ville<\/title>\n<meta name=\"robots\" content=\"index, follow, max-snippet:-1, max-image-preview:large, max-video-preview:-1\" \/>\n<link rel=\"canonical\" href=\"https:\/\/www.tenuedeville.com\/en\/product\/breizh\/\" \/>\n<meta property=\"og:locale\" content=\"en_US\" \/>\n<meta property=\"og:type\" content=\"article\" \/>\n<meta property=\"og:title\" content=\"Breizh - Tenue de Ville\" \/>\n<meta property=\"og:description\" content=\"paysage marin stylis\u00e9\" \/>\n<meta property=\"og:url\" content=\"https:\/\/www.tenuedeville.com\/en\/product\/breizh\/\" \/>\n<meta property=\"og:site_name\" content=\"Tenue de Ville\" \/>\n<meta property=\"article:publisher\" content=\"https:\/\/www.facebook.com\/tenuedeville.be\" \/>\n<meta property=\"article:modified_time\" content=\"2024-05-08T10:10:06+00:00\" \/>\n<meta property=\"og:image\" content=\"https:\/\/www.tenuedeville.com\/wp-content\/uploads\/2019\/12\/BREIZH_royal_mapping.jpg\" \/>\n\t<meta property=\"og:image:width\" content=\"530\" \/>\n\t<meta property=\"og:image:height\" content=\"437\" \/>\n\t<meta property=\"og:image:type\" content=\"image\/jpeg\" \/>\n<meta name=\"twitter:card\" content=\"summary_large_image\" \/>\n<script type=\"application\/ld+json\" class=\"yoast-schema-graph\">{\"@context\":\"https:\\\/\\\/schema.org\",\"@graph\":[{\"@type\":\"WebPage\",\"@id\":\"https:\\\/\\\/www.tenuedeville.com\\\/en\\\/product\\\/breizh\\\/\",\"url\":\"https:\\\/\\\/www.tenuedeville.com\\\/en\\\/product\\\/breizh\\\/\",\"name\":\"Breizh - Tenue de Ville\",\"isPartOf\":{\"@id\":\"https:\\\/\\\/www.tenuedeville.com\\\/#website\"},\"primaryImageOfPage\":{\"@id\":\"https:\\\/\\\/www.tenuedeville.com\\\/en\\\/product\\\/breizh\\\/#primaryimage\"},\"image\":{\"@id\":\"https:\\\/\\\/www.tenuedeville.com\\\/en\\\/product\\\/breizh\\\/#primaryimage\"},\"thumbnailUrl\":\"https:\\\/\\\/www.tenuedeville.com\\\/wp-content\\\/uploads\\\/2019\\\/12\\\/BREIZH_royal_mapping.jpg\",\"datePublished\":\"2020-01-08T08:35:54+00:00\",\"dateModified\":\"2024-05-08T10:10:06+00:00\",\"breadcrumb\":{\"@id\":\"https:\\\/\\\/www.tenuedeville.com\\\/en\\\/product\\\/breizh\\\/#breadcrumb\"},\"inLanguage\":\"en-US\",\"potentialAction\":[{\"@type\":\"ReadAction\",\"target\":[\"https:\\\/\\\/www.tenuedeville.com\\\/en\\\/product\\\/breizh\\\/\"]}]},{\"@type\":\"ImageObject\",\"inLanguage\":\"en-US\",\"@id\":\"https:\\\/\\\/www.tenuedeville.com\\\/en\\\/product\\\/breizh\\\/#primaryimage\",\"url\":\"https:\\\/\\\/www.tenuedeville.com\\\/wp-content\\\/uploads\\\/2019\\\/12\\\/BREIZH_royal_mapping.jpg\",\"contentUrl\":\"https:\\\/\\\/www.tenuedeville.com\\\/wp-content\\\/uploads\\\/2019\\\/12\\\/BREIZH_royal_mapping.jpg\",\"width\":530,\"height\":437},{\"@type\":\"BreadcrumbList\",\"@id\":\"https:\\\/\\\/www.tenuedeville.com\\\/en\\\/product\\\/breizh\\\/#breadcrumb\",\"itemListElement\":[{\"@type\":\"ListItem\",\"position\":1,\"name\":\"Accueil\",\"item\":\"https:\\\/\\\/www.tenuedeville.com\\\/en\\\/\"},{\"@type\":\"ListItem\",\"position\":2,\"name\":\"Breizh\"}]},{\"@type\":\"WebSite\",\"@id\":\"https:\\\/\\\/www.tenuedeville.com\\\/#website\",\"url\":\"https:\\\/\\\/www.tenuedeville.com\\\/\",\"name\":\"Tenue de Ville\",\"description\":\"Cr\u00e9ateur de papier peint design, imprim\u00e9 en Belgique\",\"publisher\":{\"@id\":\"https:\\\/\\\/www.tenuedeville.com\\\/#organization\"},\"potentialAction\":[{\"@type\":\"SearchAction\",\"target\":{\"@type\":\"EntryPoint\",\"urlTemplate\":\"https:\\\/\\\/www.tenuedeville.com\\\/?s={search_term_string}\"},\"query-input\":{\"@type\":\"PropertyValueSpecification\",\"valueRequired\":true,\"valueName\":\"search_term_string\"}}],\"inLanguage\":\"en-US\"},{\"@type\":\"Organization\",\"@id\":\"https:\\\/\\\/www.tenuedeville.com\\\/#organization\",\"name\":\"Tenue de Ville\",\"url\":\"https:\\\/\\\/www.tenuedeville.com\\\/\",\"logo\":{\"@type\":\"ImageObject\",\"inLanguage\":\"en-US\",\"@id\":\"https:\\\/\\\/www.tenuedeville.com\\\/#\\\/schema\\\/logo\\\/image\\\/\",\"url\":\"https:\\\/\\\/www.tenuedeville.com\\\/wp-content\\\/uploads\\\/2024\\\/04\\\/cropped-favicon.png\",\"contentUrl\":\"https:\\\/\\\/www.tenuedeville.com\\\/wp-content\\\/uploads\\\/2024\\\/04\\\/cropped-favicon.png\",\"width\":512,\"height\":512,\"caption\":\"Tenue de Ville\"},\"image\":{\"@id\":\"https:\\\/\\\/www.tenuedeville.com\\\/#\\\/schema\\\/logo\\\/image\\\/\"},\"sameAs\":[\"https:\\\/\\\/www.facebook.com\\\/tenuedeville.be\",\"https:\\\/\\\/www.instagram.com\\\/tenuedeville\\\/\",\"https:\\\/\\\/www.linkedin.com\\\/company\\\/tenue-de-ville\\\/\"]}]}<\/script>\n<!-- \/ Yoast SEO plugin. -->","yoast_head_json":{"title":"Breizh - Tenue de Ville","robots":{"index":"index","follow":"follow","max-snippet":"max-snippet:-1","max-image-preview":"max-image-preview:large","max-video-preview":"max-video-preview:-1"},"canonical":"https:\/\/www.tenuedeville.com\/en\/product\/breizh\/","og_locale":"en_US","og_type":"article","og_title":"Breizh - Tenue de Ville","og_description":"paysage marin stylis\u00e9","og_url":"https:\/\/www.tenuedeville.com\/en\/product\/breizh\/","og_site_name":"Tenue de Ville","article_publisher":"https:\/\/www.facebook.com\/tenuedeville.be","article_modified_time":"2024-05-08T10:10:06+00:00","og_image":[{"width":530,"height":437,"url":"https:\/\/www.tenuedeville.com\/wp-content\/uploads\/2019\/12\/BREIZH_royal_mapping.jpg","type":"image\/jpeg"}],"twitter_card":"summary_large_image","schema":{"@context":"https:\/\/schema.org","@graph":[{"@type":"WebPage","@id":"https:\/\/www.tenuedeville.com\/en\/product\/breizh\/","url":"https:\/\/www.tenuedeville.com\/en\/product\/breizh\/","name":"Breizh - Tenue de Ville","isPartOf":{"@id":"https:\/\/www.tenuedeville.com\/#website"},"primaryImageOfPage":{"@id":"https:\/\/www.tenuedeville.com\/en\/product\/breizh\/#primaryimage"},"image":{"@id":"https:\/\/www.tenuedeville.com\/en\/product\/breizh\/#primaryimage"},"thumbnailUrl":"https:\/\/www.tenuedeville.com\/wp-content\/uploads\/2019\/12\/BREIZH_royal_mapping.jpg","datePublished":"2020-01-08T08:35:54+00:00","dateModified":"2024-05-08T10:10:06+00:00","breadcrumb":{"@id":"https:\/\/www.tenuedeville.com\/en\/product\/breizh\/#breadcrumb"},"inLanguage":"en-US","potentialAction":[{"@type":"ReadAction","target":["https:\/\/www.tenuedeville.com\/en\/product\/breizh\/"]}]},{"@type":"ImageObject","inLanguage":"en-US","@id":"https:\/\/www.tenuedeville.com\/en\/product\/breizh\/#primaryimage","url":"https:\/\/www.tenuedeville.com\/wp-content\/uploads\/2019\/12\/BREIZH_royal_mapping.jpg","contentUrl":"https:\/\/www.tenuedeville.com\/wp-content\/uploads\/2019\/12\/BREIZH_royal_mapping.jpg","width":530,"height":437},{"@type":"BreadcrumbList","@id":"https:\/\/www.tenuedeville.com\/en\/product\/breizh\/#breadcrumb","itemListElement":[{"@type":"ListItem","position":1,"name":"Accueil","item":"https:\/\/www.tenuedeville.com\/en\/"},{"@type":"ListItem","position":2,"name":"Breizh"}]},{"@type":"WebSite","@id":"https:\/\/www.tenuedeville.com\/#website","url":"https:\/\/www.tenuedeville.com\/","name":"Tenue de Ville","description":"Cr\u00e9ateur de papier peint design, imprim\u00e9 en Belgique","publisher":{"@id":"https:\/\/www.tenuedeville.com\/#organization"},"potentialAction":[{"@type":"SearchAction","target":{"@type":"EntryPoint","urlTemplate":"https:\/\/www.tenuedeville.com\/?s={search_term_string}"},"query-input":{"@type":"PropertyValueSpecification","valueRequired":true,"valueName":"search_term_string"}}],"inLanguage":"en-US"},{"@type":"Organization","@id":"https:\/\/www.tenuedeville.com\/#organization","name":"Tenue de Ville","url":"https:\/\/www.tenuedeville.com\/","logo":{"@type":"ImageObject","inLanguage":"en-US","@id":"https:\/\/www.tenuedeville.com\/#\/schema\/logo\/image\/","url":"https:\/\/www.tenuedeville.com\/wp-content\/uploads\/2024\/04\/cropped-favicon.png","contentUrl":"https:\/\/www.tenuedeville.com\/wp-content\/uploads\/2024\/04\/cropped-favicon.png","width":512,"height":512,"caption":"Tenue de Ville"},"image":{"@id":"https:\/\/www.tenuedeville.com\/#\/schema\/logo\/image\/"},"sameAs":["https:\/\/www.facebook.com\/tenuedeville.be","https:\/\/www.instagram.com\/tenuedeville\/","https:\/\/www.linkedin.com\/company\/tenue-de-ville\/"]}]}},"_links":{"self":[{"href":"https:\/\/www.tenuedeville.com\/en\/wp-json\/wp\/v2\/product\/64728","targetHints":{"allow":["GET"]}}],"collection":[{"href":"https:\/\/www.tenuedeville.com\/en\/wp-json\/wp\/v2\/product"}],"about":[{"href":"https:\/\/www.tenuedeville.com\/en\/wp-json\/wp\/v2\/types\/product"}],"wp:featuredmedia":[{"embeddable":true,"href":"https:\/\/www.tenuedeville.com\/en\/wp-json\/wp\/v2\/media\/63405"}],"wp:attachment":[{"href":"https:\/\/www.tenuedeville.com\/en\/wp-json\/wp\/v2\/media?parent=64728"}],"wp:term":[{"taxonomy":"product_brand","embeddable":true,"href":"https:\/\/www.tenuedeville.com\/en\/wp-json\/wp\/v2\/product_brand?post=64728"},{"taxonomy":"product_cat","embeddable":true,"href":"https:\/\/www.tenuedeville.com\/en\/wp-json\/wp\/v2\/product_cat?post=64728"},{"taxonomy":"product_tag","embeddable":true,"href":"https:\/\/www.tenuedeville.com\/en\/wp-json\/wp\/v2\/product_tag?post=64728"}],"curies":[{"name":"wp","href":"https:\/\/api.w.org\/{rel}","templated":true}]}}