{"id":64784,"date":"2020-01-07T06:31:22","date_gmt":"2020-01-07T05:31:22","guid":{"rendered":"https:\/\/tenuedeville.promisys-web.be\/produit\/gloria-ode\/"},"modified":"2024-05-08T12:10:38","modified_gmt":"2024-05-08T10:10:38","slug":"gloria-ode","status":"publish","type":"product","link":"https:\/\/www.tenuedeville.com\/en\/product\/gloria-ode\/","title":{"rendered":"Gloria ODE"},"content":{"rendered":"\n<p>Le papier peint Gloria repr\u00e9sente un bouquet brumeux de tons jaunes qui peut \u00eatre interpr\u00e9t\u00e9 comme une composition floue de fleurs. Le design pr\u00e9sente des qualit\u00e9s captivantes avec un comportement fantaisiste qui transforme sans effort un espace int\u00e9rieur.<\/p>\n","protected":false},"excerpt":{"rendered":"<p>tulips landscape<\/p>\n","protected":false},"featured_media":0,"template":"","meta":{"_acf_changed":false},"product_brand":[],"product_cat":[262],"product_tag":[],"class_list":{"0":"post-64784","1":"product","2":"type-product","3":"status-publish","5":"product_cat-panoramics","7":"first","8":"outofstock","9":"shipping-taxable","10":"purchasable","11":"product-type-variable"},"acf":[],"yoast_head":"<!-- This site is optimized with the Yoast SEO plugin v27.3 - https:\/\/yoast.com\/product\/yoast-seo-wordpress\/ -->\n<title>Gloria ODE - Tenue de Ville<\/title>\n<meta name=\"robots\" content=\"index, follow, max-snippet:-1, max-image-preview:large, max-video-preview:-1\" \/>\n<link rel=\"canonical\" href=\"https:\/\/www.tenuedeville.com\/en\/product\/gloria-ode\/\" \/>\n<meta property=\"og:locale\" content=\"en_US\" \/>\n<meta property=\"og:type\" content=\"article\" \/>\n<meta property=\"og:title\" content=\"Gloria ODE - Tenue de Ville\" \/>\n<meta property=\"og:description\" content=\"tulips landscape\" \/>\n<meta property=\"og:url\" content=\"https:\/\/www.tenuedeville.com\/en\/product\/gloria-ode\/\" \/>\n<meta property=\"og:site_name\" content=\"Tenue de Ville\" \/>\n<meta property=\"article:publisher\" content=\"https:\/\/www.facebook.com\/tenuedeville.be\" \/>\n<meta property=\"article:modified_time\" content=\"2024-05-08T10:10:38+00:00\" \/>\n<meta name=\"twitter:card\" content=\"summary_large_image\" \/>\n<script type=\"application\/ld+json\" class=\"yoast-schema-graph\">{\"@context\":\"https:\\\/\\\/schema.org\",\"@graph\":[{\"@type\":\"WebPage\",\"@id\":\"https:\\\/\\\/www.tenuedeville.com\\\/en\\\/product\\\/gloria-ode\\\/\",\"url\":\"https:\\\/\\\/www.tenuedeville.com\\\/en\\\/product\\\/gloria-ode\\\/\",\"name\":\"Gloria ODE - Tenue de Ville\",\"isPartOf\":{\"@id\":\"https:\\\/\\\/www.tenuedeville.com\\\/#website\"},\"datePublished\":\"2020-01-07T05:31:22+00:00\",\"dateModified\":\"2024-05-08T10:10:38+00:00\",\"breadcrumb\":{\"@id\":\"https:\\\/\\\/www.tenuedeville.com\\\/en\\\/product\\\/gloria-ode\\\/#breadcrumb\"},\"inLanguage\":\"en-US\",\"potentialAction\":[{\"@type\":\"ReadAction\",\"target\":[\"https:\\\/\\\/www.tenuedeville.com\\\/en\\\/product\\\/gloria-ode\\\/\"]}]},{\"@type\":\"BreadcrumbList\",\"@id\":\"https:\\\/\\\/www.tenuedeville.com\\\/en\\\/product\\\/gloria-ode\\\/#breadcrumb\",\"itemListElement\":[{\"@type\":\"ListItem\",\"position\":1,\"name\":\"Accueil\",\"item\":\"https:\\\/\\\/www.tenuedeville.com\\\/en\\\/\"},{\"@type\":\"ListItem\",\"position\":2,\"name\":\"Gloria ODE\"}]},{\"@type\":\"WebSite\",\"@id\":\"https:\\\/\\\/www.tenuedeville.com\\\/#website\",\"url\":\"https:\\\/\\\/www.tenuedeville.com\\\/\",\"name\":\"Tenue de Ville\",\"description\":\"Cr\u00e9ateur de papier peint design, imprim\u00e9 en Belgique\",\"publisher\":{\"@id\":\"https:\\\/\\\/www.tenuedeville.com\\\/#organization\"},\"potentialAction\":[{\"@type\":\"SearchAction\",\"target\":{\"@type\":\"EntryPoint\",\"urlTemplate\":\"https:\\\/\\\/www.tenuedeville.com\\\/?s={search_term_string}\"},\"query-input\":{\"@type\":\"PropertyValueSpecification\",\"valueRequired\":true,\"valueName\":\"search_term_string\"}}],\"inLanguage\":\"en-US\"},{\"@type\":\"Organization\",\"@id\":\"https:\\\/\\\/www.tenuedeville.com\\\/#organization\",\"name\":\"Tenue de Ville\",\"url\":\"https:\\\/\\\/www.tenuedeville.com\\\/\",\"logo\":{\"@type\":\"ImageObject\",\"inLanguage\":\"en-US\",\"@id\":\"https:\\\/\\\/www.tenuedeville.com\\\/#\\\/schema\\\/logo\\\/image\\\/\",\"url\":\"https:\\\/\\\/www.tenuedeville.com\\\/wp-content\\\/uploads\\\/2024\\\/04\\\/cropped-favicon.png\",\"contentUrl\":\"https:\\\/\\\/www.tenuedeville.com\\\/wp-content\\\/uploads\\\/2024\\\/04\\\/cropped-favicon.png\",\"width\":512,\"height\":512,\"caption\":\"Tenue de Ville\"},\"image\":{\"@id\":\"https:\\\/\\\/www.tenuedeville.com\\\/#\\\/schema\\\/logo\\\/image\\\/\"},\"sameAs\":[\"https:\\\/\\\/www.facebook.com\\\/tenuedeville.be\",\"https:\\\/\\\/www.instagram.com\\\/tenuedeville\\\/\",\"https:\\\/\\\/www.linkedin.com\\\/company\\\/tenue-de-ville\\\/\"]}]}<\/script>\n<!-- \/ Yoast SEO plugin. -->","yoast_head_json":{"title":"Gloria ODE - Tenue de Ville","robots":{"index":"index","follow":"follow","max-snippet":"max-snippet:-1","max-image-preview":"max-image-preview:large","max-video-preview":"max-video-preview:-1"},"canonical":"https:\/\/www.tenuedeville.com\/en\/product\/gloria-ode\/","og_locale":"en_US","og_type":"article","og_title":"Gloria ODE - Tenue de Ville","og_description":"tulips landscape","og_url":"https:\/\/www.tenuedeville.com\/en\/product\/gloria-ode\/","og_site_name":"Tenue de Ville","article_publisher":"https:\/\/www.facebook.com\/tenuedeville.be","article_modified_time":"2024-05-08T10:10:38+00:00","twitter_card":"summary_large_image","schema":{"@context":"https:\/\/schema.org","@graph":[{"@type":"WebPage","@id":"https:\/\/www.tenuedeville.com\/en\/product\/gloria-ode\/","url":"https:\/\/www.tenuedeville.com\/en\/product\/gloria-ode\/","name":"Gloria ODE - Tenue de Ville","isPartOf":{"@id":"https:\/\/www.tenuedeville.com\/#website"},"datePublished":"2020-01-07T05:31:22+00:00","dateModified":"2024-05-08T10:10:38+00:00","breadcrumb":{"@id":"https:\/\/www.tenuedeville.com\/en\/product\/gloria-ode\/#breadcrumb"},"inLanguage":"en-US","potentialAction":[{"@type":"ReadAction","target":["https:\/\/www.tenuedeville.com\/en\/product\/gloria-ode\/"]}]},{"@type":"BreadcrumbList","@id":"https:\/\/www.tenuedeville.com\/en\/product\/gloria-ode\/#breadcrumb","itemListElement":[{"@type":"ListItem","position":1,"name":"Accueil","item":"https:\/\/www.tenuedeville.com\/en\/"},{"@type":"ListItem","position":2,"name":"Gloria ODE"}]},{"@type":"WebSite","@id":"https:\/\/www.tenuedeville.com\/#website","url":"https:\/\/www.tenuedeville.com\/","name":"Tenue de Ville","description":"Cr\u00e9ateur de papier peint design, imprim\u00e9 en Belgique","publisher":{"@id":"https:\/\/www.tenuedeville.com\/#organization"},"potentialAction":[{"@type":"SearchAction","target":{"@type":"EntryPoint","urlTemplate":"https:\/\/www.tenuedeville.com\/?s={search_term_string}"},"query-input":{"@type":"PropertyValueSpecification","valueRequired":true,"valueName":"search_term_string"}}],"inLanguage":"en-US"},{"@type":"Organization","@id":"https:\/\/www.tenuedeville.com\/#organization","name":"Tenue de Ville","url":"https:\/\/www.tenuedeville.com\/","logo":{"@type":"ImageObject","inLanguage":"en-US","@id":"https:\/\/www.tenuedeville.com\/#\/schema\/logo\/image\/","url":"https:\/\/www.tenuedeville.com\/wp-content\/uploads\/2024\/04\/cropped-favicon.png","contentUrl":"https:\/\/www.tenuedeville.com\/wp-content\/uploads\/2024\/04\/cropped-favicon.png","width":512,"height":512,"caption":"Tenue de Ville"},"image":{"@id":"https:\/\/www.tenuedeville.com\/#\/schema\/logo\/image\/"},"sameAs":["https:\/\/www.facebook.com\/tenuedeville.be","https:\/\/www.instagram.com\/tenuedeville\/","https:\/\/www.linkedin.com\/company\/tenue-de-ville\/"]}]}},"_links":{"self":[{"href":"https:\/\/www.tenuedeville.com\/en\/wp-json\/wp\/v2\/product\/64784","targetHints":{"allow":["GET"]}}],"collection":[{"href":"https:\/\/www.tenuedeville.com\/en\/wp-json\/wp\/v2\/product"}],"about":[{"href":"https:\/\/www.tenuedeville.com\/en\/wp-json\/wp\/v2\/types\/product"}],"wp:attachment":[{"href":"https:\/\/www.tenuedeville.com\/en\/wp-json\/wp\/v2\/media?parent=64784"}],"wp:term":[{"taxonomy":"product_brand","embeddable":true,"href":"https:\/\/www.tenuedeville.com\/en\/wp-json\/wp\/v2\/product_brand?post=64784"},{"taxonomy":"product_cat","embeddable":true,"href":"https:\/\/www.tenuedeville.com\/en\/wp-json\/wp\/v2\/product_cat?post=64784"},{"taxonomy":"product_tag","embeddable":true,"href":"https:\/\/www.tenuedeville.com\/en\/wp-json\/wp\/v2\/product_tag?post=64784"}],"curies":[{"name":"wp","href":"https:\/\/api.w.org\/{rel}","templated":true}]}}