{"id":10696,"date":"2020-01-08T09:26:42","date_gmt":"2020-01-08T08:26:42","guid":{"rendered":"https:\/\/www.tenuedeville.com\/?post_type=product&#038;p=10696"},"modified":"2025-01-07T09:08:58","modified_gmt":"2025-01-07T08:08:58","slug":"vitali","status":"publish","type":"product","link":"https:\/\/www.tenuedeville.com\/nl\/produit\/vitali\/","title":{"rendered":"Vitali"},"content":{"rendered":"\n<p>Motif g\u00e9om\u00e9trique fait de grands carr\u00e9s de couleur, dessin\u00e9 \u00e0 la main \u00e0 la peinture \u00e0 l&#8217;eau et assemblant une palette de couleurs int\u00e9ressante.<\/p>\n","protected":false},"excerpt":{"rendered":"<p>aquarel colored square<\/p>\n","protected":false},"featured_media":9860,"template":"","meta":{"_acf_changed":false},"product_brand":[],"product_cat":[38,48],"product_tag":[],"class_list":{"0":"post-10696","1":"product","2":"type-product","3":"status-publish","4":"has-post-thumbnail","6":"product_cat-best-sellers","7":"product_cat-panoramiques","9":"first","10":"instock","11":"shipping-taxable","12":"purchasable","13":"product-type-variable"},"acf":[],"yoast_head":"<!-- This site is optimized with the Yoast SEO plugin v27.3 - https:\/\/yoast.com\/product\/yoast-seo-wordpress\/ -->\n<title>Vitali - Tenue de Ville | Geometric Wallpaper<\/title>\n<meta name=\"description\" content=\"&quot;Vitali&quot; is a panoramic wallpaper from Tenue de Ville. Watercolor. Designed and printed in Belgium, available in 2 range of colors.\" \/>\n<meta name=\"robots\" content=\"index, follow, max-snippet:-1, max-image-preview:large, max-video-preview:-1\" \/>\n<link rel=\"canonical\" href=\"https:\/\/www.tenuedeville.com\/produit\/vitali\/\" \/>\n<meta property=\"og:locale\" content=\"nl_NL\" \/>\n<meta property=\"og:type\" content=\"article\" \/>\n<meta property=\"og:title\" content=\"Vitali - Tenue de Ville | Geometric Wallpaper\" \/>\n<meta property=\"og:description\" content=\"&quot;Vitali&quot; is a panoramic wallpaper from Tenue de Ville. Watercolor. Designed and printed in Belgium, available in 2 range of colors.\" \/>\n<meta property=\"og:url\" content=\"https:\/\/www.tenuedeville.com\/produit\/vitali\/\" \/>\n<meta property=\"og:site_name\" content=\"Tenue de Ville\" \/>\n<meta property=\"article:publisher\" content=\"https:\/\/www.facebook.com\/tenuedeville.be\" \/>\n<meta property=\"article:modified_time\" content=\"2025-01-07T08:08:58+00:00\" \/>\n<meta property=\"og:image\" content=\"https:\/\/www.tenuedeville.com\/wp-content\/uploads\/2019\/12\/VITALI_Rio_mapping-1.jpg\" \/>\n\t<meta property=\"og:image:width\" content=\"536\" \/>\n\t<meta property=\"og:image:height\" content=\"714\" \/>\n\t<meta property=\"og:image:type\" content=\"image\/jpeg\" \/>\n<meta name=\"twitter:card\" content=\"summary_large_image\" \/>\n<meta name=\"twitter:label1\" content=\"Geschatte leestijd\" \/>\n\t<meta name=\"twitter:data1\" content=\"1 minuut\" \/>\n<script type=\"application\/ld+json\" class=\"yoast-schema-graph\">{\"@context\":\"https:\\\/\\\/schema.org\",\"@graph\":[{\"@type\":\"WebPage\",\"@id\":\"https:\\\/\\\/www.tenuedeville.com\\\/produit\\\/vitali\\\/\",\"url\":\"https:\\\/\\\/www.tenuedeville.com\\\/produit\\\/vitali\\\/\",\"name\":\"Vitali - Tenue de Ville | Geometric Wallpaper\",\"isPartOf\":{\"@id\":\"https:\\\/\\\/www.tenuedeville.com\\\/#website\"},\"primaryImageOfPage\":{\"@id\":\"https:\\\/\\\/www.tenuedeville.com\\\/produit\\\/vitali\\\/#primaryimage\"},\"image\":{\"@id\":\"https:\\\/\\\/www.tenuedeville.com\\\/produit\\\/vitali\\\/#primaryimage\"},\"thumbnailUrl\":\"https:\\\/\\\/www.tenuedeville.com\\\/wp-content\\\/uploads\\\/2019\\\/12\\\/VITALI_Rio_mapping-1.jpg\",\"datePublished\":\"2020-01-08T08:26:42+00:00\",\"dateModified\":\"2025-01-07T08:08:58+00:00\",\"description\":\"\\\"Vitali\\\" is a panoramic wallpaper from Tenue de Ville. Watercolor. Designed and printed in Belgium, available in 2 range of colors.\",\"breadcrumb\":{\"@id\":\"https:\\\/\\\/www.tenuedeville.com\\\/produit\\\/vitali\\\/#breadcrumb\"},\"inLanguage\":\"nl-NL\",\"potentialAction\":[{\"@type\":\"ReadAction\",\"target\":[\"https:\\\/\\\/www.tenuedeville.com\\\/produit\\\/vitali\\\/\"]}]},{\"@type\":\"ImageObject\",\"inLanguage\":\"nl-NL\",\"@id\":\"https:\\\/\\\/www.tenuedeville.com\\\/produit\\\/vitali\\\/#primaryimage\",\"url\":\"https:\\\/\\\/www.tenuedeville.com\\\/wp-content\\\/uploads\\\/2019\\\/12\\\/VITALI_Rio_mapping-1.jpg\",\"contentUrl\":\"https:\\\/\\\/www.tenuedeville.com\\\/wp-content\\\/uploads\\\/2019\\\/12\\\/VITALI_Rio_mapping-1.jpg\",\"width\":536,\"height\":714},{\"@type\":\"BreadcrumbList\",\"@id\":\"https:\\\/\\\/www.tenuedeville.com\\\/produit\\\/vitali\\\/#breadcrumb\",\"itemListElement\":[{\"@type\":\"ListItem\",\"position\":1,\"name\":\"Accueil\",\"item\":\"https:\\\/\\\/www.tenuedeville.com\\\/\"},{\"@type\":\"ListItem\",\"position\":2,\"name\":\"Vitali\"}]},{\"@type\":\"WebSite\",\"@id\":\"https:\\\/\\\/www.tenuedeville.com\\\/#website\",\"url\":\"https:\\\/\\\/www.tenuedeville.com\\\/\",\"name\":\"Tenue de Ville\",\"description\":\"Cr\u00e9ateur de papier peint design, imprim\u00e9 en Belgique\",\"publisher\":{\"@id\":\"https:\\\/\\\/www.tenuedeville.com\\\/#organization\"},\"potentialAction\":[{\"@type\":\"SearchAction\",\"target\":{\"@type\":\"EntryPoint\",\"urlTemplate\":\"https:\\\/\\\/www.tenuedeville.com\\\/?s={search_term_string}\"},\"query-input\":{\"@type\":\"PropertyValueSpecification\",\"valueRequired\":true,\"valueName\":\"search_term_string\"}}],\"inLanguage\":\"nl-NL\"},{\"@type\":\"Organization\",\"@id\":\"https:\\\/\\\/www.tenuedeville.com\\\/#organization\",\"name\":\"Tenue de Ville\",\"url\":\"https:\\\/\\\/www.tenuedeville.com\\\/\",\"logo\":{\"@type\":\"ImageObject\",\"inLanguage\":\"nl-NL\",\"@id\":\"https:\\\/\\\/www.tenuedeville.com\\\/#\\\/schema\\\/logo\\\/image\\\/\",\"url\":\"https:\\\/\\\/www.tenuedeville.com\\\/wp-content\\\/uploads\\\/2024\\\/04\\\/cropped-favicon.png\",\"contentUrl\":\"https:\\\/\\\/www.tenuedeville.com\\\/wp-content\\\/uploads\\\/2024\\\/04\\\/cropped-favicon.png\",\"width\":512,\"height\":512,\"caption\":\"Tenue de Ville\"},\"image\":{\"@id\":\"https:\\\/\\\/www.tenuedeville.com\\\/#\\\/schema\\\/logo\\\/image\\\/\"},\"sameAs\":[\"https:\\\/\\\/www.facebook.com\\\/tenuedeville.be\",\"https:\\\/\\\/www.instagram.com\\\/tenuedeville\\\/\",\"https:\\\/\\\/www.linkedin.com\\\/company\\\/tenue-de-ville\\\/\"]}]}<\/script>\n<!-- \/ Yoast SEO plugin. -->","yoast_head_json":{"title":"Vitali - Tenue de Ville | Geometric Wallpaper","description":"\"Vitali\" is a panoramic wallpaper from Tenue de Ville. Watercolor. Designed and printed in Belgium, available in 2 range of colors.","robots":{"index":"index","follow":"follow","max-snippet":"max-snippet:-1","max-image-preview":"max-image-preview:large","max-video-preview":"max-video-preview:-1"},"canonical":"https:\/\/www.tenuedeville.com\/produit\/vitali\/","og_locale":"nl_NL","og_type":"article","og_title":"Vitali - Tenue de Ville | Geometric Wallpaper","og_description":"\"Vitali\" is a panoramic wallpaper from Tenue de Ville. Watercolor. Designed and printed in Belgium, available in 2 range of colors.","og_url":"https:\/\/www.tenuedeville.com\/produit\/vitali\/","og_site_name":"Tenue de Ville","article_publisher":"https:\/\/www.facebook.com\/tenuedeville.be","article_modified_time":"2025-01-07T08:08:58+00:00","og_image":[{"width":536,"height":714,"url":"https:\/\/www.tenuedeville.com\/wp-content\/uploads\/2019\/12\/VITALI_Rio_mapping-1.jpg","type":"image\/jpeg"}],"twitter_card":"summary_large_image","twitter_misc":{"Geschatte leestijd":"1 minuut"},"schema":{"@context":"https:\/\/schema.org","@graph":[{"@type":"WebPage","@id":"https:\/\/www.tenuedeville.com\/produit\/vitali\/","url":"https:\/\/www.tenuedeville.com\/produit\/vitali\/","name":"Vitali - Tenue de Ville | Geometric Wallpaper","isPartOf":{"@id":"https:\/\/www.tenuedeville.com\/#website"},"primaryImageOfPage":{"@id":"https:\/\/www.tenuedeville.com\/produit\/vitali\/#primaryimage"},"image":{"@id":"https:\/\/www.tenuedeville.com\/produit\/vitali\/#primaryimage"},"thumbnailUrl":"https:\/\/www.tenuedeville.com\/wp-content\/uploads\/2019\/12\/VITALI_Rio_mapping-1.jpg","datePublished":"2020-01-08T08:26:42+00:00","dateModified":"2025-01-07T08:08:58+00:00","description":"\"Vitali\" is a panoramic wallpaper from Tenue de Ville. Watercolor. Designed and printed in Belgium, available in 2 range of colors.","breadcrumb":{"@id":"https:\/\/www.tenuedeville.com\/produit\/vitali\/#breadcrumb"},"inLanguage":"nl-NL","potentialAction":[{"@type":"ReadAction","target":["https:\/\/www.tenuedeville.com\/produit\/vitali\/"]}]},{"@type":"ImageObject","inLanguage":"nl-NL","@id":"https:\/\/www.tenuedeville.com\/produit\/vitali\/#primaryimage","url":"https:\/\/www.tenuedeville.com\/wp-content\/uploads\/2019\/12\/VITALI_Rio_mapping-1.jpg","contentUrl":"https:\/\/www.tenuedeville.com\/wp-content\/uploads\/2019\/12\/VITALI_Rio_mapping-1.jpg","width":536,"height":714},{"@type":"BreadcrumbList","@id":"https:\/\/www.tenuedeville.com\/produit\/vitali\/#breadcrumb","itemListElement":[{"@type":"ListItem","position":1,"name":"Accueil","item":"https:\/\/www.tenuedeville.com\/"},{"@type":"ListItem","position":2,"name":"Vitali"}]},{"@type":"WebSite","@id":"https:\/\/www.tenuedeville.com\/#website","url":"https:\/\/www.tenuedeville.com\/","name":"Tenue de Ville","description":"Cr\u00e9ateur de papier peint design, imprim\u00e9 en Belgique","publisher":{"@id":"https:\/\/www.tenuedeville.com\/#organization"},"potentialAction":[{"@type":"SearchAction","target":{"@type":"EntryPoint","urlTemplate":"https:\/\/www.tenuedeville.com\/?s={search_term_string}"},"query-input":{"@type":"PropertyValueSpecification","valueRequired":true,"valueName":"search_term_string"}}],"inLanguage":"nl-NL"},{"@type":"Organization","@id":"https:\/\/www.tenuedeville.com\/#organization","name":"Tenue de Ville","url":"https:\/\/www.tenuedeville.com\/","logo":{"@type":"ImageObject","inLanguage":"nl-NL","@id":"https:\/\/www.tenuedeville.com\/#\/schema\/logo\/image\/","url":"https:\/\/www.tenuedeville.com\/wp-content\/uploads\/2024\/04\/cropped-favicon.png","contentUrl":"https:\/\/www.tenuedeville.com\/wp-content\/uploads\/2024\/04\/cropped-favicon.png","width":512,"height":512,"caption":"Tenue de Ville"},"image":{"@id":"https:\/\/www.tenuedeville.com\/#\/schema\/logo\/image\/"},"sameAs":["https:\/\/www.facebook.com\/tenuedeville.be","https:\/\/www.instagram.com\/tenuedeville\/","https:\/\/www.linkedin.com\/company\/tenue-de-ville\/"]}]}},"_links":{"self":[{"href":"https:\/\/www.tenuedeville.com\/nl\/wp-json\/wp\/v2\/product\/10696","targetHints":{"allow":["GET"]}}],"collection":[{"href":"https:\/\/www.tenuedeville.com\/nl\/wp-json\/wp\/v2\/product"}],"about":[{"href":"https:\/\/www.tenuedeville.com\/nl\/wp-json\/wp\/v2\/types\/product"}],"wp:featuredmedia":[{"embeddable":true,"href":"https:\/\/www.tenuedeville.com\/nl\/wp-json\/wp\/v2\/media\/9860"}],"wp:attachment":[{"href":"https:\/\/www.tenuedeville.com\/nl\/wp-json\/wp\/v2\/media?parent=10696"}],"wp:term":[{"taxonomy":"product_brand","embeddable":true,"href":"https:\/\/www.tenuedeville.com\/nl\/wp-json\/wp\/v2\/product_brand?post=10696"},{"taxonomy":"product_cat","embeddable":true,"href":"https:\/\/www.tenuedeville.com\/nl\/wp-json\/wp\/v2\/product_cat?post=10696"},{"taxonomy":"product_tag","embeddable":true,"href":"https:\/\/www.tenuedeville.com\/nl\/wp-json\/wp\/v2\/product_tag?post=10696"}],"curies":[{"name":"wp","href":"https:\/\/api.w.org\/{rel}","templated":true}]}}