{"id":60827,"date":"2023-01-03T15:18:57","date_gmt":"2023-01-03T14:18:57","guid":{"rendered":"https:\/\/www.tenuedeville.com\/?post_type=product&#038;p=60827"},"modified":"2025-01-07T08:53:57","modified_gmt":"2025-01-07T07:53:57","slug":"totem","status":"publish","type":"product","link":"https:\/\/www.tenuedeville.com\/nl\/produit\/totem\/","title":{"rendered":"Totem"},"content":{"rendered":"\n<p>De retour d&#8217;un voyage en Cor\u00e9e, Alexia de Ville, la cr\u00e9atrice, a voulu cr\u00e9er une s\u00e9rie de formes non figuratives, \u00e0 placer au mur seules ou en combinaison les unes avec les autres. Elle utilise une gamme de m\u00e9diums diff\u00e9rents pour cr\u00e9er ces formes ovales, m\u00e9langeant encre de Chine, aquarelle, marqueurs ou encres m\u00e9talliques. Les coups de pinceau restent visibles, ce qui donne l&#8217;impression que ces Totems ont \u00e9t\u00e9 peints directement sur le mur. La forme ovale coup\u00e9e en deux rappelle les repr\u00e9sentations du Yin et du Yang.<\/p>\n","protected":false},"excerpt":{"rendered":"<p>Totem art piece for the wall<\/p>\n","protected":false},"featured_media":61316,"template":"","meta":{"_acf_changed":false},"product_brand":[],"product_cat":[38,48],"product_tag":[124,126,151,127,153,154,155],"class_list":{"0":"post-60827","1":"product","2":"type-product","3":"status-publish","4":"has-post-thumbnail","6":"product_cat-best-sellers","7":"product_cat-panoramiques","8":"product_tag-artwallpaper","9":"product_tag-designerwallpaper","10":"product_tag-ovalshapes","11":"product_tag-tenuedeville","12":"product_tag-totem","13":"product_tag-wallpaper","14":"product_tag-zen","16":"first","17":"instock","18":"shipping-taxable","19":"purchasable","20":"product-type-variable"},"acf":[],"yoast_head":"<!-- This site is optimized with the Yoast SEO plugin v27.4 - https:\/\/yoast.com\/product\/yoast-seo-wordpress\/ -->\n<title>Totem - Tenue de Ville | Designer Zen Wallpaper<\/title>\n<meta name=\"description\" content=\"Totem is a designer wallpaper from Tenue de Ville. Contemporary panoramic between zen and pop Art. Eight different shapes available.\" \/>\n<meta name=\"robots\" content=\"index, follow, max-snippet:-1, max-image-preview:large, max-video-preview:-1\" \/>\n<link rel=\"canonical\" href=\"https:\/\/www.tenuedeville.com\/produit\/totem\/\" \/>\n<meta property=\"og:locale\" content=\"nl_NL\" \/>\n<meta property=\"og:type\" content=\"article\" \/>\n<meta property=\"og:title\" content=\"Totem - Tenue de Ville | Designer Zen Wallpaper\" \/>\n<meta property=\"og:description\" content=\"Totem is a designer wallpaper from Tenue de Ville. Contemporary panoramic between zen and pop Art. Eight different shapes available.\" \/>\n<meta property=\"og:url\" content=\"https:\/\/www.tenuedeville.com\/produit\/totem\/\" \/>\n<meta property=\"og:site_name\" content=\"Tenue de Ville\" \/>\n<meta property=\"article:publisher\" content=\"https:\/\/www.facebook.com\/tenuedeville.be\" \/>\n<meta property=\"article:modified_time\" content=\"2025-01-07T07:53:57+00:00\" \/>\n<meta property=\"og:image\" content=\"https:\/\/www.tenuedeville.com\/wp-content\/uploads\/2023\/01\/Totem_ivory_mapping_forWeb-1.jpg\" \/>\n\t<meta property=\"og:image:width\" content=\"730\" \/>\n\t<meta property=\"og:image:height\" content=\"1000\" \/>\n\t<meta property=\"og:image:type\" content=\"image\/jpeg\" \/>\n<meta name=\"twitter:card\" content=\"summary_large_image\" \/>\n<meta name=\"twitter:label1\" content=\"Geschatte leestijd\" \/>\n\t<meta name=\"twitter:data1\" content=\"1 minuut\" \/>\n<script type=\"application\/ld+json\" class=\"yoast-schema-graph\">{\"@context\":\"https:\\\/\\\/schema.org\",\"@graph\":[{\"@type\":\"WebPage\",\"@id\":\"https:\\\/\\\/www.tenuedeville.com\\\/produit\\\/totem\\\/\",\"url\":\"https:\\\/\\\/www.tenuedeville.com\\\/produit\\\/totem\\\/\",\"name\":\"Totem - Tenue de Ville | Designer Zen Wallpaper\",\"isPartOf\":{\"@id\":\"https:\\\/\\\/www.tenuedeville.com\\\/#website\"},\"primaryImageOfPage\":{\"@id\":\"https:\\\/\\\/www.tenuedeville.com\\\/produit\\\/totem\\\/#primaryimage\"},\"image\":{\"@id\":\"https:\\\/\\\/www.tenuedeville.com\\\/produit\\\/totem\\\/#primaryimage\"},\"thumbnailUrl\":\"https:\\\/\\\/www.tenuedeville.com\\\/wp-content\\\/uploads\\\/2023\\\/01\\\/Totem_ivory_mapping_forWeb-1.jpg\",\"datePublished\":\"2023-01-03T14:18:57+00:00\",\"dateModified\":\"2025-01-07T07:53:57+00:00\",\"description\":\"Totem is a designer wallpaper from Tenue de Ville. Contemporary panoramic between zen and pop Art. Eight different shapes available.\",\"breadcrumb\":{\"@id\":\"https:\\\/\\\/www.tenuedeville.com\\\/produit\\\/totem\\\/#breadcrumb\"},\"inLanguage\":\"nl-NL\",\"potentialAction\":[{\"@type\":\"ReadAction\",\"target\":[\"https:\\\/\\\/www.tenuedeville.com\\\/produit\\\/totem\\\/\"]}]},{\"@type\":\"ImageObject\",\"inLanguage\":\"nl-NL\",\"@id\":\"https:\\\/\\\/www.tenuedeville.com\\\/produit\\\/totem\\\/#primaryimage\",\"url\":\"https:\\\/\\\/www.tenuedeville.com\\\/wp-content\\\/uploads\\\/2023\\\/01\\\/Totem_ivory_mapping_forWeb-1.jpg\",\"contentUrl\":\"https:\\\/\\\/www.tenuedeville.com\\\/wp-content\\\/uploads\\\/2023\\\/01\\\/Totem_ivory_mapping_forWeb-1.jpg\",\"width\":730,\"height\":1000},{\"@type\":\"BreadcrumbList\",\"@id\":\"https:\\\/\\\/www.tenuedeville.com\\\/produit\\\/totem\\\/#breadcrumb\",\"itemListElement\":[{\"@type\":\"ListItem\",\"position\":1,\"name\":\"Accueil\",\"item\":\"https:\\\/\\\/www.tenuedeville.com\\\/\"},{\"@type\":\"ListItem\",\"position\":2,\"name\":\"Totem\"}]},{\"@type\":\"WebSite\",\"@id\":\"https:\\\/\\\/www.tenuedeville.com\\\/#website\",\"url\":\"https:\\\/\\\/www.tenuedeville.com\\\/\",\"name\":\"Tenue de Ville\",\"description\":\"Cr\u00e9ateur de papier peint design, imprim\u00e9 en Belgique\",\"publisher\":{\"@id\":\"https:\\\/\\\/www.tenuedeville.com\\\/#organization\"},\"potentialAction\":[{\"@type\":\"SearchAction\",\"target\":{\"@type\":\"EntryPoint\",\"urlTemplate\":\"https:\\\/\\\/www.tenuedeville.com\\\/?s={search_term_string}\"},\"query-input\":{\"@type\":\"PropertyValueSpecification\",\"valueRequired\":true,\"valueName\":\"search_term_string\"}}],\"inLanguage\":\"nl-NL\"},{\"@type\":\"Organization\",\"@id\":\"https:\\\/\\\/www.tenuedeville.com\\\/#organization\",\"name\":\"Tenue de Ville\",\"url\":\"https:\\\/\\\/www.tenuedeville.com\\\/\",\"logo\":{\"@type\":\"ImageObject\",\"inLanguage\":\"nl-NL\",\"@id\":\"https:\\\/\\\/www.tenuedeville.com\\\/#\\\/schema\\\/logo\\\/image\\\/\",\"url\":\"https:\\\/\\\/www.tenuedeville.com\\\/wp-content\\\/uploads\\\/2024\\\/04\\\/cropped-favicon.png\",\"contentUrl\":\"https:\\\/\\\/www.tenuedeville.com\\\/wp-content\\\/uploads\\\/2024\\\/04\\\/cropped-favicon.png\",\"width\":512,\"height\":512,\"caption\":\"Tenue de Ville\"},\"image\":{\"@id\":\"https:\\\/\\\/www.tenuedeville.com\\\/#\\\/schema\\\/logo\\\/image\\\/\"},\"sameAs\":[\"https:\\\/\\\/www.facebook.com\\\/tenuedeville.be\",\"https:\\\/\\\/www.instagram.com\\\/tenuedeville\\\/\",\"https:\\\/\\\/www.linkedin.com\\\/company\\\/tenue-de-ville\\\/\"]}]}<\/script>\n<!-- \/ Yoast SEO plugin. -->","yoast_head_json":{"title":"Totem - Tenue de Ville | Designer Zen Wallpaper","description":"Totem is a designer wallpaper from Tenue de Ville. Contemporary panoramic between zen and pop Art. Eight different shapes available.","robots":{"index":"index","follow":"follow","max-snippet":"max-snippet:-1","max-image-preview":"max-image-preview:large","max-video-preview":"max-video-preview:-1"},"canonical":"https:\/\/www.tenuedeville.com\/produit\/totem\/","og_locale":"nl_NL","og_type":"article","og_title":"Totem - Tenue de Ville | Designer Zen Wallpaper","og_description":"Totem is a designer wallpaper from Tenue de Ville. Contemporary panoramic between zen and pop Art. Eight different shapes available.","og_url":"https:\/\/www.tenuedeville.com\/produit\/totem\/","og_site_name":"Tenue de Ville","article_publisher":"https:\/\/www.facebook.com\/tenuedeville.be","article_modified_time":"2025-01-07T07:53:57+00:00","og_image":[{"width":730,"height":1000,"url":"https:\/\/www.tenuedeville.com\/wp-content\/uploads\/2023\/01\/Totem_ivory_mapping_forWeb-1.jpg","type":"image\/jpeg"}],"twitter_card":"summary_large_image","twitter_misc":{"Geschatte leestijd":"1 minuut"},"schema":{"@context":"https:\/\/schema.org","@graph":[{"@type":"WebPage","@id":"https:\/\/www.tenuedeville.com\/produit\/totem\/","url":"https:\/\/www.tenuedeville.com\/produit\/totem\/","name":"Totem - Tenue de Ville | Designer Zen Wallpaper","isPartOf":{"@id":"https:\/\/www.tenuedeville.com\/#website"},"primaryImageOfPage":{"@id":"https:\/\/www.tenuedeville.com\/produit\/totem\/#primaryimage"},"image":{"@id":"https:\/\/www.tenuedeville.com\/produit\/totem\/#primaryimage"},"thumbnailUrl":"https:\/\/www.tenuedeville.com\/wp-content\/uploads\/2023\/01\/Totem_ivory_mapping_forWeb-1.jpg","datePublished":"2023-01-03T14:18:57+00:00","dateModified":"2025-01-07T07:53:57+00:00","description":"Totem is a designer wallpaper from Tenue de Ville. Contemporary panoramic between zen and pop Art. Eight different shapes available.","breadcrumb":{"@id":"https:\/\/www.tenuedeville.com\/produit\/totem\/#breadcrumb"},"inLanguage":"nl-NL","potentialAction":[{"@type":"ReadAction","target":["https:\/\/www.tenuedeville.com\/produit\/totem\/"]}]},{"@type":"ImageObject","inLanguage":"nl-NL","@id":"https:\/\/www.tenuedeville.com\/produit\/totem\/#primaryimage","url":"https:\/\/www.tenuedeville.com\/wp-content\/uploads\/2023\/01\/Totem_ivory_mapping_forWeb-1.jpg","contentUrl":"https:\/\/www.tenuedeville.com\/wp-content\/uploads\/2023\/01\/Totem_ivory_mapping_forWeb-1.jpg","width":730,"height":1000},{"@type":"BreadcrumbList","@id":"https:\/\/www.tenuedeville.com\/produit\/totem\/#breadcrumb","itemListElement":[{"@type":"ListItem","position":1,"name":"Accueil","item":"https:\/\/www.tenuedeville.com\/"},{"@type":"ListItem","position":2,"name":"Totem"}]},{"@type":"WebSite","@id":"https:\/\/www.tenuedeville.com\/#website","url":"https:\/\/www.tenuedeville.com\/","name":"Tenue de Ville","description":"Cr\u00e9ateur de papier peint design, imprim\u00e9 en Belgique","publisher":{"@id":"https:\/\/www.tenuedeville.com\/#organization"},"potentialAction":[{"@type":"SearchAction","target":{"@type":"EntryPoint","urlTemplate":"https:\/\/www.tenuedeville.com\/?s={search_term_string}"},"query-input":{"@type":"PropertyValueSpecification","valueRequired":true,"valueName":"search_term_string"}}],"inLanguage":"nl-NL"},{"@type":"Organization","@id":"https:\/\/www.tenuedeville.com\/#organization","name":"Tenue de Ville","url":"https:\/\/www.tenuedeville.com\/","logo":{"@type":"ImageObject","inLanguage":"nl-NL","@id":"https:\/\/www.tenuedeville.com\/#\/schema\/logo\/image\/","url":"https:\/\/www.tenuedeville.com\/wp-content\/uploads\/2024\/04\/cropped-favicon.png","contentUrl":"https:\/\/www.tenuedeville.com\/wp-content\/uploads\/2024\/04\/cropped-favicon.png","width":512,"height":512,"caption":"Tenue de Ville"},"image":{"@id":"https:\/\/www.tenuedeville.com\/#\/schema\/logo\/image\/"},"sameAs":["https:\/\/www.facebook.com\/tenuedeville.be","https:\/\/www.instagram.com\/tenuedeville\/","https:\/\/www.linkedin.com\/company\/tenue-de-ville\/"]}]}},"_links":{"self":[{"href":"https:\/\/www.tenuedeville.com\/nl\/wp-json\/wp\/v2\/product\/60827","targetHints":{"allow":["GET"]}}],"collection":[{"href":"https:\/\/www.tenuedeville.com\/nl\/wp-json\/wp\/v2\/product"}],"about":[{"href":"https:\/\/www.tenuedeville.com\/nl\/wp-json\/wp\/v2\/types\/product"}],"wp:featuredmedia":[{"embeddable":true,"href":"https:\/\/www.tenuedeville.com\/nl\/wp-json\/wp\/v2\/media\/61316"}],"wp:attachment":[{"href":"https:\/\/www.tenuedeville.com\/nl\/wp-json\/wp\/v2\/media?parent=60827"}],"wp:term":[{"taxonomy":"product_brand","embeddable":true,"href":"https:\/\/www.tenuedeville.com\/nl\/wp-json\/wp\/v2\/product_brand?post=60827"},{"taxonomy":"product_cat","embeddable":true,"href":"https:\/\/www.tenuedeville.com\/nl\/wp-json\/wp\/v2\/product_cat?post=60827"},{"taxonomy":"product_tag","embeddable":true,"href":"https:\/\/www.tenuedeville.com\/nl\/wp-json\/wp\/v2\/product_tag?post=60827"}],"curies":[{"name":"wp","href":"https:\/\/api.w.org\/{rel}","templated":true}]}}