{"id":60858,"date":"2023-01-03T15:27:30","date_gmt":"2023-01-03T14:27:30","guid":{"rendered":"https:\/\/www.tenuedeville.com\/?post_type=product&#038;p=60858"},"modified":"2025-01-07T08:49:12","modified_gmt":"2025-01-07T07:49:12","slug":"panache","status":"publish","type":"product","link":"https:\/\/www.tenuedeville.com\/nl\/produit\/panache\/","title":{"rendered":"Panache"},"content":{"rendered":"\n<p>Cr\u00e9ation aux accents &#8220;Jungle&#8221; inspir\u00e9e des textiles du 18\u00e8me si\u00e8cle. L&#8217;aspect classique initial est revisit\u00e9 tant au niveau du traitement des traits que des couleurs utilis\u00e9es. Les diff\u00e9rentes harmonies de couleurs utilis\u00e9es dans ce motif r\u00e9p\u00e9titif le transforment en un motif moderne, une sorte de classique revisit\u00e9.<\/p>\n","protected":false},"excerpt":{"rendered":"<p>climbing jungle organic<\/p>\n","protected":false},"featured_media":60995,"template":"","meta":{"_acf_changed":false},"product_brand":[],"product_cat":[38,48],"product_tag":[124,126,163,164,157,169,127],"class_list":{"0":"post-60858","1":"product","2":"type-product","3":"status-publish","4":"has-post-thumbnail","6":"product_cat-best-sellers","7":"product_cat-panoramiques","8":"product_tag-artwallpaper","9":"product_tag-designerwallpaper","10":"product_tag-floral","11":"product_tag-flowers","12":"product_tag-jungle","13":"product_tag-panache","14":"product_tag-tenuedeville","16":"first","17":"instock","18":"shipping-taxable","19":"purchasable","20":"product-type-variable"},"acf":[],"yoast_head":"<!-- This site is optimized with the Yoast SEO plugin v27.3 - https:\/\/yoast.com\/product\/yoast-seo-wordpress\/ -->\n<title>Panache - Tenue de Ville | Jungle Designer Wallpaper<\/title>\n<meta name=\"description\" content=\"&quot;Panache&quot; is a panoramic wallpaper from Tenue de Ville. Jungle overtones. Designed and printed in Belgium, available in 6 colors.\" \/>\n<meta name=\"robots\" content=\"index, follow, max-snippet:-1, max-image-preview:large, max-video-preview:-1\" \/>\n<link rel=\"canonical\" href=\"https:\/\/www.tenuedeville.com\/produit\/panache\/\" \/>\n<meta property=\"og:locale\" content=\"nl_NL\" \/>\n<meta property=\"og:type\" content=\"article\" \/>\n<meta property=\"og:title\" content=\"Panache - Tenue de Ville | Jungle Designer Wallpaper\" \/>\n<meta property=\"og:description\" content=\"&quot;Panache&quot; is a panoramic wallpaper from Tenue de Ville. Jungle overtones. Designed and printed in Belgium, available in 6 colors.\" \/>\n<meta property=\"og:url\" content=\"https:\/\/www.tenuedeville.com\/produit\/panache\/\" \/>\n<meta property=\"og:site_name\" content=\"Tenue de Ville\" \/>\n<meta property=\"article:publisher\" content=\"https:\/\/www.facebook.com\/tenuedeville.be\" \/>\n<meta property=\"article:modified_time\" content=\"2025-01-07T07:49:12+00:00\" \/>\n<meta property=\"og:image\" content=\"https:\/\/www.tenuedeville.com\/wp-content\/uploads\/2023\/01\/PANACHE_Sky_100x576cm_rvb_forweb-1.jpg\" \/>\n\t<meta property=\"og:image:width\" content=\"1000\" \/>\n\t<meta property=\"og:image:height\" content=\"577\" \/>\n\t<meta property=\"og:image:type\" content=\"image\/jpeg\" \/>\n<meta name=\"twitter:card\" content=\"summary_large_image\" \/>\n<meta name=\"twitter:label1\" content=\"Geschatte leestijd\" \/>\n\t<meta name=\"twitter:data1\" content=\"1 minuut\" \/>\n<script type=\"application\/ld+json\" class=\"yoast-schema-graph\">{\"@context\":\"https:\\\/\\\/schema.org\",\"@graph\":[{\"@type\":\"WebPage\",\"@id\":\"https:\\\/\\\/www.tenuedeville.com\\\/produit\\\/panache\\\/\",\"url\":\"https:\\\/\\\/www.tenuedeville.com\\\/produit\\\/panache\\\/\",\"name\":\"Panache - Tenue de Ville | Jungle Designer Wallpaper\",\"isPartOf\":{\"@id\":\"https:\\\/\\\/www.tenuedeville.com\\\/#website\"},\"primaryImageOfPage\":{\"@id\":\"https:\\\/\\\/www.tenuedeville.com\\\/produit\\\/panache\\\/#primaryimage\"},\"image\":{\"@id\":\"https:\\\/\\\/www.tenuedeville.com\\\/produit\\\/panache\\\/#primaryimage\"},\"thumbnailUrl\":\"https:\\\/\\\/www.tenuedeville.com\\\/wp-content\\\/uploads\\\/2023\\\/01\\\/PANACHE_Sky_100x576cm_rvb_forweb-1.jpg\",\"datePublished\":\"2023-01-03T14:27:30+00:00\",\"dateModified\":\"2025-01-07T07:49:12+00:00\",\"description\":\"\\\"Panache\\\" is a panoramic wallpaper from Tenue de Ville. Jungle overtones. Designed and printed in Belgium, available in 6 colors.\",\"breadcrumb\":{\"@id\":\"https:\\\/\\\/www.tenuedeville.com\\\/produit\\\/panache\\\/#breadcrumb\"},\"inLanguage\":\"nl-NL\",\"potentialAction\":[{\"@type\":\"ReadAction\",\"target\":[\"https:\\\/\\\/www.tenuedeville.com\\\/produit\\\/panache\\\/\"]}]},{\"@type\":\"ImageObject\",\"inLanguage\":\"nl-NL\",\"@id\":\"https:\\\/\\\/www.tenuedeville.com\\\/produit\\\/panache\\\/#primaryimage\",\"url\":\"https:\\\/\\\/www.tenuedeville.com\\\/wp-content\\\/uploads\\\/2023\\\/01\\\/PANACHE_Sky_100x576cm_rvb_forweb-1.jpg\",\"contentUrl\":\"https:\\\/\\\/www.tenuedeville.com\\\/wp-content\\\/uploads\\\/2023\\\/01\\\/PANACHE_Sky_100x576cm_rvb_forweb-1.jpg\",\"width\":1000,\"height\":577},{\"@type\":\"BreadcrumbList\",\"@id\":\"https:\\\/\\\/www.tenuedeville.com\\\/produit\\\/panache\\\/#breadcrumb\",\"itemListElement\":[{\"@type\":\"ListItem\",\"position\":1,\"name\":\"Accueil\",\"item\":\"https:\\\/\\\/www.tenuedeville.com\\\/\"},{\"@type\":\"ListItem\",\"position\":2,\"name\":\"Panache\"}]},{\"@type\":\"WebSite\",\"@id\":\"https:\\\/\\\/www.tenuedeville.com\\\/#website\",\"url\":\"https:\\\/\\\/www.tenuedeville.com\\\/\",\"name\":\"Tenue de Ville\",\"description\":\"Cr\u00e9ateur de papier peint design, imprim\u00e9 en Belgique\",\"publisher\":{\"@id\":\"https:\\\/\\\/www.tenuedeville.com\\\/#organization\"},\"potentialAction\":[{\"@type\":\"SearchAction\",\"target\":{\"@type\":\"EntryPoint\",\"urlTemplate\":\"https:\\\/\\\/www.tenuedeville.com\\\/?s={search_term_string}\"},\"query-input\":{\"@type\":\"PropertyValueSpecification\",\"valueRequired\":true,\"valueName\":\"search_term_string\"}}],\"inLanguage\":\"nl-NL\"},{\"@type\":\"Organization\",\"@id\":\"https:\\\/\\\/www.tenuedeville.com\\\/#organization\",\"name\":\"Tenue de Ville\",\"url\":\"https:\\\/\\\/www.tenuedeville.com\\\/\",\"logo\":{\"@type\":\"ImageObject\",\"inLanguage\":\"nl-NL\",\"@id\":\"https:\\\/\\\/www.tenuedeville.com\\\/#\\\/schema\\\/logo\\\/image\\\/\",\"url\":\"https:\\\/\\\/www.tenuedeville.com\\\/wp-content\\\/uploads\\\/2024\\\/04\\\/cropped-favicon.png\",\"contentUrl\":\"https:\\\/\\\/www.tenuedeville.com\\\/wp-content\\\/uploads\\\/2024\\\/04\\\/cropped-favicon.png\",\"width\":512,\"height\":512,\"caption\":\"Tenue de Ville\"},\"image\":{\"@id\":\"https:\\\/\\\/www.tenuedeville.com\\\/#\\\/schema\\\/logo\\\/image\\\/\"},\"sameAs\":[\"https:\\\/\\\/www.facebook.com\\\/tenuedeville.be\",\"https:\\\/\\\/www.instagram.com\\\/tenuedeville\\\/\",\"https:\\\/\\\/www.linkedin.com\\\/company\\\/tenue-de-ville\\\/\"]}]}<\/script>\n<!-- \/ Yoast SEO plugin. -->","yoast_head_json":{"title":"Panache - Tenue de Ville | Jungle Designer Wallpaper","description":"\"Panache\" is a panoramic wallpaper from Tenue de Ville. Jungle overtones. Designed and printed in Belgium, available in 6 colors.","robots":{"index":"index","follow":"follow","max-snippet":"max-snippet:-1","max-image-preview":"max-image-preview:large","max-video-preview":"max-video-preview:-1"},"canonical":"https:\/\/www.tenuedeville.com\/produit\/panache\/","og_locale":"nl_NL","og_type":"article","og_title":"Panache - Tenue de Ville | Jungle Designer Wallpaper","og_description":"\"Panache\" is a panoramic wallpaper from Tenue de Ville. Jungle overtones. Designed and printed in Belgium, available in 6 colors.","og_url":"https:\/\/www.tenuedeville.com\/produit\/panache\/","og_site_name":"Tenue de Ville","article_publisher":"https:\/\/www.facebook.com\/tenuedeville.be","article_modified_time":"2025-01-07T07:49:12+00:00","og_image":[{"width":1000,"height":577,"url":"https:\/\/www.tenuedeville.com\/wp-content\/uploads\/2023\/01\/PANACHE_Sky_100x576cm_rvb_forweb-1.jpg","type":"image\/jpeg"}],"twitter_card":"summary_large_image","twitter_misc":{"Geschatte leestijd":"1 minuut"},"schema":{"@context":"https:\/\/schema.org","@graph":[{"@type":"WebPage","@id":"https:\/\/www.tenuedeville.com\/produit\/panache\/","url":"https:\/\/www.tenuedeville.com\/produit\/panache\/","name":"Panache - Tenue de Ville | Jungle Designer Wallpaper","isPartOf":{"@id":"https:\/\/www.tenuedeville.com\/#website"},"primaryImageOfPage":{"@id":"https:\/\/www.tenuedeville.com\/produit\/panache\/#primaryimage"},"image":{"@id":"https:\/\/www.tenuedeville.com\/produit\/panache\/#primaryimage"},"thumbnailUrl":"https:\/\/www.tenuedeville.com\/wp-content\/uploads\/2023\/01\/PANACHE_Sky_100x576cm_rvb_forweb-1.jpg","datePublished":"2023-01-03T14:27:30+00:00","dateModified":"2025-01-07T07:49:12+00:00","description":"\"Panache\" is a panoramic wallpaper from Tenue de Ville. Jungle overtones. Designed and printed in Belgium, available in 6 colors.","breadcrumb":{"@id":"https:\/\/www.tenuedeville.com\/produit\/panache\/#breadcrumb"},"inLanguage":"nl-NL","potentialAction":[{"@type":"ReadAction","target":["https:\/\/www.tenuedeville.com\/produit\/panache\/"]}]},{"@type":"ImageObject","inLanguage":"nl-NL","@id":"https:\/\/www.tenuedeville.com\/produit\/panache\/#primaryimage","url":"https:\/\/www.tenuedeville.com\/wp-content\/uploads\/2023\/01\/PANACHE_Sky_100x576cm_rvb_forweb-1.jpg","contentUrl":"https:\/\/www.tenuedeville.com\/wp-content\/uploads\/2023\/01\/PANACHE_Sky_100x576cm_rvb_forweb-1.jpg","width":1000,"height":577},{"@type":"BreadcrumbList","@id":"https:\/\/www.tenuedeville.com\/produit\/panache\/#breadcrumb","itemListElement":[{"@type":"ListItem","position":1,"name":"Accueil","item":"https:\/\/www.tenuedeville.com\/"},{"@type":"ListItem","position":2,"name":"Panache"}]},{"@type":"WebSite","@id":"https:\/\/www.tenuedeville.com\/#website","url":"https:\/\/www.tenuedeville.com\/","name":"Tenue de Ville","description":"Cr\u00e9ateur de papier peint design, imprim\u00e9 en Belgique","publisher":{"@id":"https:\/\/www.tenuedeville.com\/#organization"},"potentialAction":[{"@type":"SearchAction","target":{"@type":"EntryPoint","urlTemplate":"https:\/\/www.tenuedeville.com\/?s={search_term_string}"},"query-input":{"@type":"PropertyValueSpecification","valueRequired":true,"valueName":"search_term_string"}}],"inLanguage":"nl-NL"},{"@type":"Organization","@id":"https:\/\/www.tenuedeville.com\/#organization","name":"Tenue de Ville","url":"https:\/\/www.tenuedeville.com\/","logo":{"@type":"ImageObject","inLanguage":"nl-NL","@id":"https:\/\/www.tenuedeville.com\/#\/schema\/logo\/image\/","url":"https:\/\/www.tenuedeville.com\/wp-content\/uploads\/2024\/04\/cropped-favicon.png","contentUrl":"https:\/\/www.tenuedeville.com\/wp-content\/uploads\/2024\/04\/cropped-favicon.png","width":512,"height":512,"caption":"Tenue de Ville"},"image":{"@id":"https:\/\/www.tenuedeville.com\/#\/schema\/logo\/image\/"},"sameAs":["https:\/\/www.facebook.com\/tenuedeville.be","https:\/\/www.instagram.com\/tenuedeville\/","https:\/\/www.linkedin.com\/company\/tenue-de-ville\/"]}]}},"_links":{"self":[{"href":"https:\/\/www.tenuedeville.com\/nl\/wp-json\/wp\/v2\/product\/60858","targetHints":{"allow":["GET"]}}],"collection":[{"href":"https:\/\/www.tenuedeville.com\/nl\/wp-json\/wp\/v2\/product"}],"about":[{"href":"https:\/\/www.tenuedeville.com\/nl\/wp-json\/wp\/v2\/types\/product"}],"wp:featuredmedia":[{"embeddable":true,"href":"https:\/\/www.tenuedeville.com\/nl\/wp-json\/wp\/v2\/media\/60995"}],"wp:attachment":[{"href":"https:\/\/www.tenuedeville.com\/nl\/wp-json\/wp\/v2\/media?parent=60858"}],"wp:term":[{"taxonomy":"product_brand","embeddable":true,"href":"https:\/\/www.tenuedeville.com\/nl\/wp-json\/wp\/v2\/product_brand?post=60858"},{"taxonomy":"product_cat","embeddable":true,"href":"https:\/\/www.tenuedeville.com\/nl\/wp-json\/wp\/v2\/product_cat?post=60858"},{"taxonomy":"product_tag","embeddable":true,"href":"https:\/\/www.tenuedeville.com\/nl\/wp-json\/wp\/v2\/product_tag?post=60858"}],"curies":[{"name":"wp","href":"https:\/\/api.w.org\/{rel}","templated":true}]}}