{"id":61168,"date":"2023-01-18T11:28:05","date_gmt":"2023-01-18T10:28:05","guid":{"rendered":"https:\/\/www.tenuedeville.com\/?post_type=product&#038;p=61168"},"modified":"2025-01-02T22:40:37","modified_gmt":"2025-01-02T21:40:37","slug":"savane","status":"publish","type":"product","link":"https:\/\/www.tenuedeville.com\/nl\/produit\/savane\/","title":{"rendered":"Savane"},"content":{"rendered":"\n<p>Dessin au trait d&#8217;un paysage en Afrique du Sud. Diff\u00e9rents palmiers, cactus, plantes grasses et autres arbres sont m\u00e9lang\u00e9s dans cette sc\u00e8ne apaisante. Au loin, on peut voir un chemin trac\u00e9 par l&#8217;homme.<\/p>\n\n\n\n<p>La technique du dessin au trait donne \u00e0 cette fresque une esth\u00e9tique pure.<\/p>\n","protected":false},"excerpt":{"rendered":"<p>Line drawing of a landscape in South Africa.<\/p>\n","protected":false},"featured_media":61520,"template":"","meta":{"_acf_changed":false},"product_brand":[],"product_cat":[48],"product_tag":[124,126,157,158,207,208,127],"class_list":{"0":"post-61168","1":"product","2":"type-product","3":"status-publish","4":"has-post-thumbnail","6":"product_cat-panoramiques","7":"product_tag-artwallpaper","8":"product_tag-designerwallpaper","9":"product_tag-jungle","10":"product_tag-landscape","11":"product_tag-savane","12":"product_tag-southafrica","13":"product_tag-tenuedeville","15":"first","16":"instock","17":"shipping-taxable","18":"purchasable","19":"product-type-variable","20":"has-default-attributes"},"acf":[],"yoast_head":"<!-- This site is optimized with the Yoast SEO plugin v27.4 - https:\/\/yoast.com\/product\/yoast-seo-wordpress\/ -->\n<title>Savane - Tenue de Ville | Jungle Wallpaper<\/title>\n<meta name=\"description\" content=\"&quot;Savane&quot; wallpaper, line drawing of a landscape in South Africa. Available in four colors. Printed and designed in Belgium.\" \/>\n<meta name=\"robots\" content=\"index, follow, max-snippet:-1, max-image-preview:large, max-video-preview:-1\" \/>\n<link rel=\"canonical\" href=\"https:\/\/www.tenuedeville.com\/produit\/savane\/\" \/>\n<meta property=\"og:locale\" content=\"nl_NL\" \/>\n<meta property=\"og:type\" content=\"article\" \/>\n<meta property=\"og:title\" content=\"Savane - Tenue de Ville | Jungle Wallpaper\" \/>\n<meta property=\"og:description\" content=\"&quot;Savane&quot; wallpaper, line drawing of a landscape in South Africa. Available in four colors. Printed and designed in Belgium.\" \/>\n<meta property=\"og:url\" content=\"https:\/\/www.tenuedeville.com\/produit\/savane\/\" \/>\n<meta property=\"og:site_name\" content=\"Tenue de Ville\" \/>\n<meta property=\"article:publisher\" content=\"https:\/\/www.facebook.com\/tenuedeville.be\" \/>\n<meta property=\"article:modified_time\" content=\"2025-01-02T21:40:37+00:00\" \/>\n<meta property=\"og:image\" content=\"https:\/\/www.tenuedeville.com\/wp-content\/uploads\/2023\/01\/savane_arizona_mapping_forweb-1.jpg\" \/>\n\t<meta property=\"og:image:width\" content=\"1040\" \/>\n\t<meta property=\"og:image:height\" content=\"867\" \/>\n\t<meta property=\"og:image:type\" content=\"image\/jpeg\" \/>\n<meta name=\"twitter:card\" content=\"summary_large_image\" \/>\n<meta name=\"twitter:label1\" content=\"Geschatte leestijd\" \/>\n\t<meta name=\"twitter:data1\" content=\"1 minuut\" \/>\n<script type=\"application\/ld+json\" class=\"yoast-schema-graph\">{\"@context\":\"https:\\\/\\\/schema.org\",\"@graph\":[{\"@type\":\"WebPage\",\"@id\":\"https:\\\/\\\/www.tenuedeville.com\\\/produit\\\/savane\\\/\",\"url\":\"https:\\\/\\\/www.tenuedeville.com\\\/produit\\\/savane\\\/\",\"name\":\"Savane - Tenue de Ville | Jungle Wallpaper\",\"isPartOf\":{\"@id\":\"https:\\\/\\\/www.tenuedeville.com\\\/#website\"},\"primaryImageOfPage\":{\"@id\":\"https:\\\/\\\/www.tenuedeville.com\\\/produit\\\/savane\\\/#primaryimage\"},\"image\":{\"@id\":\"https:\\\/\\\/www.tenuedeville.com\\\/produit\\\/savane\\\/#primaryimage\"},\"thumbnailUrl\":\"https:\\\/\\\/www.tenuedeville.com\\\/wp-content\\\/uploads\\\/2023\\\/01\\\/savane_arizona_mapping_forweb-1.jpg\",\"datePublished\":\"2023-01-18T10:28:05+00:00\",\"dateModified\":\"2025-01-02T21:40:37+00:00\",\"description\":\"\\\"Savane\\\" wallpaper, line drawing of a landscape in South Africa. Available in four colors. Printed and designed in Belgium.\",\"breadcrumb\":{\"@id\":\"https:\\\/\\\/www.tenuedeville.com\\\/produit\\\/savane\\\/#breadcrumb\"},\"inLanguage\":\"nl-NL\",\"potentialAction\":[{\"@type\":\"ReadAction\",\"target\":[\"https:\\\/\\\/www.tenuedeville.com\\\/produit\\\/savane\\\/\"]}]},{\"@type\":\"ImageObject\",\"inLanguage\":\"nl-NL\",\"@id\":\"https:\\\/\\\/www.tenuedeville.com\\\/produit\\\/savane\\\/#primaryimage\",\"url\":\"https:\\\/\\\/www.tenuedeville.com\\\/wp-content\\\/uploads\\\/2023\\\/01\\\/savane_arizona_mapping_forweb-1.jpg\",\"contentUrl\":\"https:\\\/\\\/www.tenuedeville.com\\\/wp-content\\\/uploads\\\/2023\\\/01\\\/savane_arizona_mapping_forweb-1.jpg\",\"width\":1040,\"height\":867},{\"@type\":\"BreadcrumbList\",\"@id\":\"https:\\\/\\\/www.tenuedeville.com\\\/produit\\\/savane\\\/#breadcrumb\",\"itemListElement\":[{\"@type\":\"ListItem\",\"position\":1,\"name\":\"Accueil\",\"item\":\"https:\\\/\\\/www.tenuedeville.com\\\/\"},{\"@type\":\"ListItem\",\"position\":2,\"name\":\"Savane\"}]},{\"@type\":\"WebSite\",\"@id\":\"https:\\\/\\\/www.tenuedeville.com\\\/#website\",\"url\":\"https:\\\/\\\/www.tenuedeville.com\\\/\",\"name\":\"Tenue de Ville\",\"description\":\"Cr\u00e9ateur de papier peint design, imprim\u00e9 en Belgique\",\"publisher\":{\"@id\":\"https:\\\/\\\/www.tenuedeville.com\\\/#organization\"},\"potentialAction\":[{\"@type\":\"SearchAction\",\"target\":{\"@type\":\"EntryPoint\",\"urlTemplate\":\"https:\\\/\\\/www.tenuedeville.com\\\/?s={search_term_string}\"},\"query-input\":{\"@type\":\"PropertyValueSpecification\",\"valueRequired\":true,\"valueName\":\"search_term_string\"}}],\"inLanguage\":\"nl-NL\"},{\"@type\":\"Organization\",\"@id\":\"https:\\\/\\\/www.tenuedeville.com\\\/#organization\",\"name\":\"Tenue de Ville\",\"url\":\"https:\\\/\\\/www.tenuedeville.com\\\/\",\"logo\":{\"@type\":\"ImageObject\",\"inLanguage\":\"nl-NL\",\"@id\":\"https:\\\/\\\/www.tenuedeville.com\\\/#\\\/schema\\\/logo\\\/image\\\/\",\"url\":\"https:\\\/\\\/www.tenuedeville.com\\\/wp-content\\\/uploads\\\/2024\\\/04\\\/cropped-favicon.png\",\"contentUrl\":\"https:\\\/\\\/www.tenuedeville.com\\\/wp-content\\\/uploads\\\/2024\\\/04\\\/cropped-favicon.png\",\"width\":512,\"height\":512,\"caption\":\"Tenue de Ville\"},\"image\":{\"@id\":\"https:\\\/\\\/www.tenuedeville.com\\\/#\\\/schema\\\/logo\\\/image\\\/\"},\"sameAs\":[\"https:\\\/\\\/www.facebook.com\\\/tenuedeville.be\",\"https:\\\/\\\/www.instagram.com\\\/tenuedeville\\\/\",\"https:\\\/\\\/www.linkedin.com\\\/company\\\/tenue-de-ville\\\/\"]}]}<\/script>\n<!-- \/ Yoast SEO plugin. -->","yoast_head_json":{"title":"Savane - Tenue de Ville | Jungle Wallpaper","description":"\"Savane\" wallpaper, line drawing of a landscape in South Africa. Available in four colors. Printed and designed in Belgium.","robots":{"index":"index","follow":"follow","max-snippet":"max-snippet:-1","max-image-preview":"max-image-preview:large","max-video-preview":"max-video-preview:-1"},"canonical":"https:\/\/www.tenuedeville.com\/produit\/savane\/","og_locale":"nl_NL","og_type":"article","og_title":"Savane - Tenue de Ville | Jungle Wallpaper","og_description":"\"Savane\" wallpaper, line drawing of a landscape in South Africa. Available in four colors. Printed and designed in Belgium.","og_url":"https:\/\/www.tenuedeville.com\/produit\/savane\/","og_site_name":"Tenue de Ville","article_publisher":"https:\/\/www.facebook.com\/tenuedeville.be","article_modified_time":"2025-01-02T21:40:37+00:00","og_image":[{"width":1040,"height":867,"url":"https:\/\/www.tenuedeville.com\/wp-content\/uploads\/2023\/01\/savane_arizona_mapping_forweb-1.jpg","type":"image\/jpeg"}],"twitter_card":"summary_large_image","twitter_misc":{"Geschatte leestijd":"1 minuut"},"schema":{"@context":"https:\/\/schema.org","@graph":[{"@type":"WebPage","@id":"https:\/\/www.tenuedeville.com\/produit\/savane\/","url":"https:\/\/www.tenuedeville.com\/produit\/savane\/","name":"Savane - Tenue de Ville | Jungle Wallpaper","isPartOf":{"@id":"https:\/\/www.tenuedeville.com\/#website"},"primaryImageOfPage":{"@id":"https:\/\/www.tenuedeville.com\/produit\/savane\/#primaryimage"},"image":{"@id":"https:\/\/www.tenuedeville.com\/produit\/savane\/#primaryimage"},"thumbnailUrl":"https:\/\/www.tenuedeville.com\/wp-content\/uploads\/2023\/01\/savane_arizona_mapping_forweb-1.jpg","datePublished":"2023-01-18T10:28:05+00:00","dateModified":"2025-01-02T21:40:37+00:00","description":"\"Savane\" wallpaper, line drawing of a landscape in South Africa. Available in four colors. Printed and designed in Belgium.","breadcrumb":{"@id":"https:\/\/www.tenuedeville.com\/produit\/savane\/#breadcrumb"},"inLanguage":"nl-NL","potentialAction":[{"@type":"ReadAction","target":["https:\/\/www.tenuedeville.com\/produit\/savane\/"]}]},{"@type":"ImageObject","inLanguage":"nl-NL","@id":"https:\/\/www.tenuedeville.com\/produit\/savane\/#primaryimage","url":"https:\/\/www.tenuedeville.com\/wp-content\/uploads\/2023\/01\/savane_arizona_mapping_forweb-1.jpg","contentUrl":"https:\/\/www.tenuedeville.com\/wp-content\/uploads\/2023\/01\/savane_arizona_mapping_forweb-1.jpg","width":1040,"height":867},{"@type":"BreadcrumbList","@id":"https:\/\/www.tenuedeville.com\/produit\/savane\/#breadcrumb","itemListElement":[{"@type":"ListItem","position":1,"name":"Accueil","item":"https:\/\/www.tenuedeville.com\/"},{"@type":"ListItem","position":2,"name":"Savane"}]},{"@type":"WebSite","@id":"https:\/\/www.tenuedeville.com\/#website","url":"https:\/\/www.tenuedeville.com\/","name":"Tenue de Ville","description":"Cr\u00e9ateur de papier peint design, imprim\u00e9 en Belgique","publisher":{"@id":"https:\/\/www.tenuedeville.com\/#organization"},"potentialAction":[{"@type":"SearchAction","target":{"@type":"EntryPoint","urlTemplate":"https:\/\/www.tenuedeville.com\/?s={search_term_string}"},"query-input":{"@type":"PropertyValueSpecification","valueRequired":true,"valueName":"search_term_string"}}],"inLanguage":"nl-NL"},{"@type":"Organization","@id":"https:\/\/www.tenuedeville.com\/#organization","name":"Tenue de Ville","url":"https:\/\/www.tenuedeville.com\/","logo":{"@type":"ImageObject","inLanguage":"nl-NL","@id":"https:\/\/www.tenuedeville.com\/#\/schema\/logo\/image\/","url":"https:\/\/www.tenuedeville.com\/wp-content\/uploads\/2024\/04\/cropped-favicon.png","contentUrl":"https:\/\/www.tenuedeville.com\/wp-content\/uploads\/2024\/04\/cropped-favicon.png","width":512,"height":512,"caption":"Tenue de Ville"},"image":{"@id":"https:\/\/www.tenuedeville.com\/#\/schema\/logo\/image\/"},"sameAs":["https:\/\/www.facebook.com\/tenuedeville.be","https:\/\/www.instagram.com\/tenuedeville\/","https:\/\/www.linkedin.com\/company\/tenue-de-ville\/"]}]}},"_links":{"self":[{"href":"https:\/\/www.tenuedeville.com\/nl\/wp-json\/wp\/v2\/product\/61168","targetHints":{"allow":["GET"]}}],"collection":[{"href":"https:\/\/www.tenuedeville.com\/nl\/wp-json\/wp\/v2\/product"}],"about":[{"href":"https:\/\/www.tenuedeville.com\/nl\/wp-json\/wp\/v2\/types\/product"}],"wp:featuredmedia":[{"embeddable":true,"href":"https:\/\/www.tenuedeville.com\/nl\/wp-json\/wp\/v2\/media\/61520"}],"wp:attachment":[{"href":"https:\/\/www.tenuedeville.com\/nl\/wp-json\/wp\/v2\/media?parent=61168"}],"wp:term":[{"taxonomy":"product_brand","embeddable":true,"href":"https:\/\/www.tenuedeville.com\/nl\/wp-json\/wp\/v2\/product_brand?post=61168"},{"taxonomy":"product_cat","embeddable":true,"href":"https:\/\/www.tenuedeville.com\/nl\/wp-json\/wp\/v2\/product_cat?post=61168"},{"taxonomy":"product_tag","embeddable":true,"href":"https:\/\/www.tenuedeville.com\/nl\/wp-json\/wp\/v2\/product_tag?post=61168"}],"curies":[{"name":"wp","href":"https:\/\/api.w.org\/{rel}","templated":true}]}}