{"id":62179,"date":"2023-03-21T08:38:57","date_gmt":"2023-03-21T07:38:57","guid":{"rendered":"https:\/\/www.tenuedeville.com\/?post_type=product&#038;p=62179"},"modified":"2024-04-19T11:10:15","modified_gmt":"2024-04-19T09:10:15","slug":"rouleau-en-microfibre","status":"publish","type":"product","link":"https:\/\/www.tenuedeville.com\/nl\/produit\/rouleau-en-microfibre\/","title":{"rendered":"Rouleau en microfibre"},"content":{"rendered":"\n<h2 class=\"wp-block-heading\">Set de peinture murale Anza Micmex<\/h2>\n\n\n\n<p>Le set de peinture murale Anza Micmex est un set de 6 pi\u00e8ces et convient aux surfaces moyennes \u00e0 lisses. Le rouleau de peinture murale est compos\u00e9 de polyester et de microfibres ayant une capacit\u00e9 d&#8217;absorption et de lib\u00e9ration tr\u00e8s \u00e9lev\u00e9e. Le rouleau en microfibre donne une texture tr\u00e8s fine.<\/p>\n\n\n\n<h2 class=\"wp-block-heading\">Rouleau en microfibre<\/h2>\n\n\n\n<p>Quel rouleau pour la peinture murale ? Le rouleau polyester Micmex est g\u00e9n\u00e9ralement utilis\u00e9 lorsque l&#8217;on commence \u00e0 travailler avec de la peinture pour plafonds et murs. Le rev\u00eatement du rouleau absorbe \u00e9galement la peinture, ce qui facilite l&#8217;\u00e9talement de la peinture sur la surface. Le plus grand avantage du rouleau en microfibre est qu&#8217;il ne provoque pas d&#8217;\u00e9claboussures.<\/p>\n\n\n\n<ul class=\"wp-block-list\">\n<li>Poils moyens<\/li>\n\n\n\n<li>Absorption maximale de la peinture<\/li>\n\n\n\n<li>Tr\u00e8s efficace<\/li>\n\n\n\n<li>Rouleau anti-\u00e9claboussures<\/li>\n\n\n\n<li>Couverture sup\u00e9rieure<\/li>\n\n\n\n<li>Haute densit\u00e9<\/li>\n\n\n\n<li>M\u00e9lange de microfibres et de polyester<\/li>\n\n\n\n<li>Choix de tailles<\/li>\n\n\n\n<li>Pour l&#8217;int\u00e9rieur et l&#8217;ext\u00e9rieur<\/li>\n\n\n\n<li>Convient \u00e0 l&#8217;application de toutes les peintures pour plafonds et murs<\/li>\n<\/ul>\n","protected":false},"excerpt":{"rendered":"<p>Set de peinture murale Anza Micmex Le set de peinture murale Anza Micmex est un set de 6 pi\u00e8ces et convient aux surfaces moyennes \u00e0 lisses. Le rouleau de peinture murale est compos\u00e9 de polyester et de microfibres ayant une capacit\u00e9 d&#8217;absorption et de lib\u00e9ration tr\u00e8s \u00e9lev\u00e9e. Le rouleau en microfibre donne une texture tr\u00e8s [&hellip;]<\/p>\n","protected":false},"featured_media":62184,"template":"","meta":{"_acf_changed":true},"product_brand":[],"product_cat":[229],"product_tag":[232],"class_list":{"0":"post-62179","1":"product","2":"type-product","3":"status-publish","4":"has-post-thumbnail","6":"product_cat-equipement","7":"product_tag-paint-roll","9":"first","10":"outofstock","11":"shipping-taxable","12":"purchasable","13":"product-type-variable"},"acf":[],"yoast_head":"<!-- This site is optimized with the Yoast SEO plugin v27.4 - https:\/\/yoast.com\/product\/yoast-seo-wordpress\/ -->\n<title>Microfiber Roller Super Micmex<\/title>\n<meta name=\"description\" content=\"The wall paint roller is made of polyester and microfibre with a very high absorption and release capacity.\" \/>\n<meta name=\"robots\" content=\"index, follow, max-snippet:-1, max-image-preview:large, max-video-preview:-1\" \/>\n<link rel=\"canonical\" href=\"https:\/\/www.tenuedeville.com\/produit\/rouleau-en-microfibre\/\" \/>\n<meta property=\"og:locale\" content=\"nl_NL\" \/>\n<meta property=\"og:type\" content=\"article\" \/>\n<meta property=\"og:title\" content=\"Microfiber Roller Super Micmex\" \/>\n<meta property=\"og:description\" content=\"The wall paint roller is made of polyester and microfibre with a very high absorption and release capacity.\" \/>\n<meta property=\"og:url\" content=\"https:\/\/www.tenuedeville.com\/produit\/rouleau-en-microfibre\/\" \/>\n<meta property=\"og:site_name\" content=\"Tenue de Ville\" \/>\n<meta property=\"article:publisher\" content=\"https:\/\/www.facebook.com\/tenuedeville.be\" \/>\n<meta property=\"article:modified_time\" content=\"2024-04-19T09:10:15+00:00\" \/>\n<meta property=\"og:image\" content=\"https:\/\/www.tenuedeville.com\/wp-content\/uploads\/2023\/03\/1200x990e-1.png\" \/>\n\t<meta property=\"og:image:width\" content=\"1200\" \/>\n\t<meta property=\"og:image:height\" content=\"1200\" \/>\n\t<meta property=\"og:image:type\" content=\"image\/png\" \/>\n<meta name=\"twitter:card\" content=\"summary_large_image\" \/>\n<script type=\"application\/ld+json\" class=\"yoast-schema-graph\">{\"@context\":\"https:\\\/\\\/schema.org\",\"@graph\":[{\"@type\":\"WebPage\",\"@id\":\"https:\\\/\\\/www.tenuedeville.com\\\/produit\\\/rouleau-en-microfibre\\\/\",\"url\":\"https:\\\/\\\/www.tenuedeville.com\\\/produit\\\/rouleau-en-microfibre\\\/\",\"name\":\"Microfiber Roller Super Micmex\",\"isPartOf\":{\"@id\":\"https:\\\/\\\/www.tenuedeville.com\\\/#website\"},\"primaryImageOfPage\":{\"@id\":\"https:\\\/\\\/www.tenuedeville.com\\\/produit\\\/rouleau-en-microfibre\\\/#primaryimage\"},\"image\":{\"@id\":\"https:\\\/\\\/www.tenuedeville.com\\\/produit\\\/rouleau-en-microfibre\\\/#primaryimage\"},\"thumbnailUrl\":\"https:\\\/\\\/www.tenuedeville.com\\\/wp-content\\\/uploads\\\/2023\\\/03\\\/1200x990e-1.png\",\"datePublished\":\"2023-03-21T07:38:57+00:00\",\"dateModified\":\"2024-04-19T09:10:15+00:00\",\"description\":\"The wall paint roller is made of polyester and microfibre with a very high absorption and release capacity.\",\"breadcrumb\":{\"@id\":\"https:\\\/\\\/www.tenuedeville.com\\\/produit\\\/rouleau-en-microfibre\\\/#breadcrumb\"},\"inLanguage\":\"nl-NL\",\"potentialAction\":[{\"@type\":\"ReadAction\",\"target\":[\"https:\\\/\\\/www.tenuedeville.com\\\/produit\\\/rouleau-en-microfibre\\\/\"]}]},{\"@type\":\"ImageObject\",\"inLanguage\":\"nl-NL\",\"@id\":\"https:\\\/\\\/www.tenuedeville.com\\\/produit\\\/rouleau-en-microfibre\\\/#primaryimage\",\"url\":\"https:\\\/\\\/www.tenuedeville.com\\\/wp-content\\\/uploads\\\/2023\\\/03\\\/1200x990e-1.png\",\"contentUrl\":\"https:\\\/\\\/www.tenuedeville.com\\\/wp-content\\\/uploads\\\/2023\\\/03\\\/1200x990e-1.png\",\"width\":1200,\"height\":1200},{\"@type\":\"BreadcrumbList\",\"@id\":\"https:\\\/\\\/www.tenuedeville.com\\\/produit\\\/rouleau-en-microfibre\\\/#breadcrumb\",\"itemListElement\":[{\"@type\":\"ListItem\",\"position\":1,\"name\":\"Accueil\",\"item\":\"https:\\\/\\\/www.tenuedeville.com\\\/\"},{\"@type\":\"ListItem\",\"position\":2,\"name\":\"Rouleau en microfibre\"}]},{\"@type\":\"WebSite\",\"@id\":\"https:\\\/\\\/www.tenuedeville.com\\\/#website\",\"url\":\"https:\\\/\\\/www.tenuedeville.com\\\/\",\"name\":\"Tenue de Ville\",\"description\":\"Cr\u00e9ateur de papier peint design, imprim\u00e9 en Belgique\",\"publisher\":{\"@id\":\"https:\\\/\\\/www.tenuedeville.com\\\/#organization\"},\"potentialAction\":[{\"@type\":\"SearchAction\",\"target\":{\"@type\":\"EntryPoint\",\"urlTemplate\":\"https:\\\/\\\/www.tenuedeville.com\\\/?s={search_term_string}\"},\"query-input\":{\"@type\":\"PropertyValueSpecification\",\"valueRequired\":true,\"valueName\":\"search_term_string\"}}],\"inLanguage\":\"nl-NL\"},{\"@type\":\"Organization\",\"@id\":\"https:\\\/\\\/www.tenuedeville.com\\\/#organization\",\"name\":\"Tenue de Ville\",\"url\":\"https:\\\/\\\/www.tenuedeville.com\\\/\",\"logo\":{\"@type\":\"ImageObject\",\"inLanguage\":\"nl-NL\",\"@id\":\"https:\\\/\\\/www.tenuedeville.com\\\/#\\\/schema\\\/logo\\\/image\\\/\",\"url\":\"https:\\\/\\\/www.tenuedeville.com\\\/wp-content\\\/uploads\\\/2024\\\/04\\\/cropped-favicon.png\",\"contentUrl\":\"https:\\\/\\\/www.tenuedeville.com\\\/wp-content\\\/uploads\\\/2024\\\/04\\\/cropped-favicon.png\",\"width\":512,\"height\":512,\"caption\":\"Tenue de Ville\"},\"image\":{\"@id\":\"https:\\\/\\\/www.tenuedeville.com\\\/#\\\/schema\\\/logo\\\/image\\\/\"},\"sameAs\":[\"https:\\\/\\\/www.facebook.com\\\/tenuedeville.be\",\"https:\\\/\\\/www.instagram.com\\\/tenuedeville\\\/\",\"https:\\\/\\\/www.linkedin.com\\\/company\\\/tenue-de-ville\\\/\"]}]}<\/script>\n<!-- \/ Yoast SEO plugin. -->","yoast_head_json":{"title":"Microfiber Roller Super Micmex","description":"The wall paint roller is made of polyester and microfibre with a very high absorption and release capacity.","robots":{"index":"index","follow":"follow","max-snippet":"max-snippet:-1","max-image-preview":"max-image-preview:large","max-video-preview":"max-video-preview:-1"},"canonical":"https:\/\/www.tenuedeville.com\/produit\/rouleau-en-microfibre\/","og_locale":"nl_NL","og_type":"article","og_title":"Microfiber Roller Super Micmex","og_description":"The wall paint roller is made of polyester and microfibre with a very high absorption and release capacity.","og_url":"https:\/\/www.tenuedeville.com\/produit\/rouleau-en-microfibre\/","og_site_name":"Tenue de Ville","article_publisher":"https:\/\/www.facebook.com\/tenuedeville.be","article_modified_time":"2024-04-19T09:10:15+00:00","og_image":[{"width":1200,"height":1200,"url":"https:\/\/www.tenuedeville.com\/wp-content\/uploads\/2023\/03\/1200x990e-1.png","type":"image\/png"}],"twitter_card":"summary_large_image","schema":{"@context":"https:\/\/schema.org","@graph":[{"@type":"WebPage","@id":"https:\/\/www.tenuedeville.com\/produit\/rouleau-en-microfibre\/","url":"https:\/\/www.tenuedeville.com\/produit\/rouleau-en-microfibre\/","name":"Microfiber Roller Super Micmex","isPartOf":{"@id":"https:\/\/www.tenuedeville.com\/#website"},"primaryImageOfPage":{"@id":"https:\/\/www.tenuedeville.com\/produit\/rouleau-en-microfibre\/#primaryimage"},"image":{"@id":"https:\/\/www.tenuedeville.com\/produit\/rouleau-en-microfibre\/#primaryimage"},"thumbnailUrl":"https:\/\/www.tenuedeville.com\/wp-content\/uploads\/2023\/03\/1200x990e-1.png","datePublished":"2023-03-21T07:38:57+00:00","dateModified":"2024-04-19T09:10:15+00:00","description":"The wall paint roller is made of polyester and microfibre with a very high absorption and release capacity.","breadcrumb":{"@id":"https:\/\/www.tenuedeville.com\/produit\/rouleau-en-microfibre\/#breadcrumb"},"inLanguage":"nl-NL","potentialAction":[{"@type":"ReadAction","target":["https:\/\/www.tenuedeville.com\/produit\/rouleau-en-microfibre\/"]}]},{"@type":"ImageObject","inLanguage":"nl-NL","@id":"https:\/\/www.tenuedeville.com\/produit\/rouleau-en-microfibre\/#primaryimage","url":"https:\/\/www.tenuedeville.com\/wp-content\/uploads\/2023\/03\/1200x990e-1.png","contentUrl":"https:\/\/www.tenuedeville.com\/wp-content\/uploads\/2023\/03\/1200x990e-1.png","width":1200,"height":1200},{"@type":"BreadcrumbList","@id":"https:\/\/www.tenuedeville.com\/produit\/rouleau-en-microfibre\/#breadcrumb","itemListElement":[{"@type":"ListItem","position":1,"name":"Accueil","item":"https:\/\/www.tenuedeville.com\/"},{"@type":"ListItem","position":2,"name":"Rouleau en microfibre"}]},{"@type":"WebSite","@id":"https:\/\/www.tenuedeville.com\/#website","url":"https:\/\/www.tenuedeville.com\/","name":"Tenue de Ville","description":"Cr\u00e9ateur de papier peint design, imprim\u00e9 en Belgique","publisher":{"@id":"https:\/\/www.tenuedeville.com\/#organization"},"potentialAction":[{"@type":"SearchAction","target":{"@type":"EntryPoint","urlTemplate":"https:\/\/www.tenuedeville.com\/?s={search_term_string}"},"query-input":{"@type":"PropertyValueSpecification","valueRequired":true,"valueName":"search_term_string"}}],"inLanguage":"nl-NL"},{"@type":"Organization","@id":"https:\/\/www.tenuedeville.com\/#organization","name":"Tenue de Ville","url":"https:\/\/www.tenuedeville.com\/","logo":{"@type":"ImageObject","inLanguage":"nl-NL","@id":"https:\/\/www.tenuedeville.com\/#\/schema\/logo\/image\/","url":"https:\/\/www.tenuedeville.com\/wp-content\/uploads\/2024\/04\/cropped-favicon.png","contentUrl":"https:\/\/www.tenuedeville.com\/wp-content\/uploads\/2024\/04\/cropped-favicon.png","width":512,"height":512,"caption":"Tenue de Ville"},"image":{"@id":"https:\/\/www.tenuedeville.com\/#\/schema\/logo\/image\/"},"sameAs":["https:\/\/www.facebook.com\/tenuedeville.be","https:\/\/www.instagram.com\/tenuedeville\/","https:\/\/www.linkedin.com\/company\/tenue-de-ville\/"]}]}},"_links":{"self":[{"href":"https:\/\/www.tenuedeville.com\/nl\/wp-json\/wp\/v2\/product\/62179","targetHints":{"allow":["GET"]}}],"collection":[{"href":"https:\/\/www.tenuedeville.com\/nl\/wp-json\/wp\/v2\/product"}],"about":[{"href":"https:\/\/www.tenuedeville.com\/nl\/wp-json\/wp\/v2\/types\/product"}],"wp:featuredmedia":[{"embeddable":true,"href":"https:\/\/www.tenuedeville.com\/nl\/wp-json\/wp\/v2\/media\/62184"}],"wp:attachment":[{"href":"https:\/\/www.tenuedeville.com\/nl\/wp-json\/wp\/v2\/media?parent=62179"}],"wp:term":[{"taxonomy":"product_brand","embeddable":true,"href":"https:\/\/www.tenuedeville.com\/nl\/wp-json\/wp\/v2\/product_brand?post=62179"},{"taxonomy":"product_cat","embeddable":true,"href":"https:\/\/www.tenuedeville.com\/nl\/wp-json\/wp\/v2\/product_cat?post=62179"},{"taxonomy":"product_tag","embeddable":true,"href":"https:\/\/www.tenuedeville.com\/nl\/wp-json\/wp\/v2\/product_tag?post=62179"}],"curies":[{"name":"wp","href":"https:\/\/api.w.org\/{rel}","templated":true}]}}