{"id":62826,"date":"2024-02-28T23:07:42","date_gmt":"2024-02-28T22:07:42","guid":{"rendered":"https:\/\/www.tenuedeville.com\/?post_type=product&#038;p=62826"},"modified":"2025-01-02T22:30:09","modified_gmt":"2025-01-02T21:30:09","slug":"angele","status":"publish","type":"product","link":"https:\/\/www.tenuedeville.com\/nl\/produit\/angele\/","title":{"rendered":"Angele"},"content":{"rendered":"\n<p>Rev\u00eatement mural minimal.<\/p>\n\n\n\n<p>Ce papier peint panoramique est imprim\u00e9 sur &#8220;toile d&#8217;herbe&#8221;, \u00e9galement appel\u00e9 &#8220;paille japonaise&#8221;. L&#8217;utilisation de mat\u00e9riaux naturels et la production artisanale du rev\u00eatement mural expliquent les diff\u00e9rences de structure et de nuances. Par cons\u00e9quent, des irr\u00e9gularit\u00e9s dans le support peuvent appara\u00eetre d&#8217;un l\u00e9 \u00e0 l&#8217;autre, et la d\u00e9marcation entre les diff\u00e9rents l\u00e9s est visible.<\/p>\n","protected":false},"excerpt":{"rendered":"<p>Rev\u00eatement mural minimal. Ce papier peint panoramique est imprim\u00e9 sur &#8220;toile d&#8217;herbe&#8221;, \u00e9galement appel\u00e9 &#8220;paille japonaise&#8221;. L&#8217;utilisation de mat\u00e9riaux naturels et la production artisanale du rev\u00eatement mural expliquent les diff\u00e9rences de structure et de nuances. Par cons\u00e9quent, des irr\u00e9gularit\u00e9s dans le support peuvent appara\u00eetre d&#8217;un l\u00e9 \u00e0 l&#8217;autre, et la d\u00e9marcation entre les diff\u00e9rents l\u00e9s [&hellip;]<\/p>\n","protected":false},"featured_media":62596,"template":"","meta":{"_acf_changed":true},"product_brand":[],"product_cat":[240],"product_tag":[171,124,191,126,238,239,127,241],"class_list":{"0":"post-62826","1":"product","2":"type-product","3":"status-publish","4":"has-post-thumbnail","6":"product_cat-papiers-peints-textures","7":"product_tag-art","8":"product_tag-artwallpaper","9":"product_tag-colors","10":"product_tag-designerwallpaper","11":"product_tag-flower","12":"product_tag-minimal","13":"product_tag-tenuedeville","14":"product_tag-texturedwallpaper","16":"first","17":"instock","18":"shipping-taxable","19":"purchasable","20":"product-type-variable"},"acf":[],"yoast_head":"<!-- This site is optimized with the Yoast SEO plugin v27.4 - https:\/\/yoast.com\/product\/yoast-seo-wordpress\/ -->\n<title>Angele - Tenue de Ville | Papier peint design<\/title>\n<meta name=\"description\" content=\"Rev\u00eatement mural minimal floral. Ce papier peint panoramique est imprim\u00e9 sur &quot;toile d&#039;herbe&quot;, \u00e9galement appel\u00e9 &quot;paille japonaise&quot;.\" \/>\n<meta name=\"robots\" content=\"index, follow, max-snippet:-1, max-image-preview:large, max-video-preview:-1\" \/>\n<link rel=\"canonical\" href=\"https:\/\/www.tenuedeville.com\/produit\/angele\/\" \/>\n<meta property=\"og:locale\" content=\"nl_NL\" \/>\n<meta property=\"og:type\" content=\"article\" \/>\n<meta property=\"og:title\" content=\"Angele - Tenue de Ville | Papier peint design\" \/>\n<meta property=\"og:description\" content=\"Rev\u00eatement mural minimal floral. Ce papier peint panoramique est imprim\u00e9 sur &quot;toile d&#039;herbe&quot;, \u00e9galement appel\u00e9 &quot;paille japonaise&quot;.\" \/>\n<meta property=\"og:url\" content=\"https:\/\/www.tenuedeville.com\/produit\/angele\/\" \/>\n<meta property=\"og:site_name\" content=\"Tenue de Ville\" \/>\n<meta property=\"article:publisher\" content=\"https:\/\/www.facebook.com\/tenuedeville.be\" \/>\n<meta property=\"article:modified_time\" content=\"2025-01-02T21:30:09+00:00\" \/>\n<meta property=\"og:image\" content=\"https:\/\/www.tenuedeville.com\/wp-content\/uploads\/2024\/02\/Angele_naturel_mapping_jpg_forweb-1.jpg\" \/>\n\t<meta property=\"og:image:width\" content=\"684\" \/>\n\t<meta property=\"og:image:height\" content=\"902\" \/>\n\t<meta property=\"og:image:type\" content=\"image\/jpeg\" \/>\n<meta name=\"twitter:card\" content=\"summary_large_image\" \/>\n<meta name=\"twitter:label1\" content=\"Geschatte leestijd\" \/>\n\t<meta name=\"twitter:data1\" content=\"1 minuut\" \/>\n<script type=\"application\/ld+json\" class=\"yoast-schema-graph\">{\"@context\":\"https:\\\/\\\/schema.org\",\"@graph\":[{\"@type\":\"WebPage\",\"@id\":\"https:\\\/\\\/www.tenuedeville.com\\\/produit\\\/angele\\\/\",\"url\":\"https:\\\/\\\/www.tenuedeville.com\\\/produit\\\/angele\\\/\",\"name\":\"Angele - Tenue de Ville | Papier peint design\",\"isPartOf\":{\"@id\":\"https:\\\/\\\/www.tenuedeville.com\\\/#website\"},\"primaryImageOfPage\":{\"@id\":\"https:\\\/\\\/www.tenuedeville.com\\\/produit\\\/angele\\\/#primaryimage\"},\"image\":{\"@id\":\"https:\\\/\\\/www.tenuedeville.com\\\/produit\\\/angele\\\/#primaryimage\"},\"thumbnailUrl\":\"https:\\\/\\\/www.tenuedeville.com\\\/wp-content\\\/uploads\\\/2024\\\/02\\\/Angele_naturel_mapping_jpg_forweb-1.jpg\",\"datePublished\":\"2024-02-28T22:07:42+00:00\",\"dateModified\":\"2025-01-02T21:30:09+00:00\",\"description\":\"Rev\u00eatement mural minimal floral. Ce papier peint panoramique est imprim\u00e9 sur \\\"toile d'herbe\\\", \u00e9galement appel\u00e9 \\\"paille japonaise\\\".\",\"breadcrumb\":{\"@id\":\"https:\\\/\\\/www.tenuedeville.com\\\/produit\\\/angele\\\/#breadcrumb\"},\"inLanguage\":\"nl-NL\",\"potentialAction\":[{\"@type\":\"ReadAction\",\"target\":[\"https:\\\/\\\/www.tenuedeville.com\\\/produit\\\/angele\\\/\"]}]},{\"@type\":\"ImageObject\",\"inLanguage\":\"nl-NL\",\"@id\":\"https:\\\/\\\/www.tenuedeville.com\\\/produit\\\/angele\\\/#primaryimage\",\"url\":\"https:\\\/\\\/www.tenuedeville.com\\\/wp-content\\\/uploads\\\/2024\\\/02\\\/Angele_naturel_mapping_jpg_forweb-1.jpg\",\"contentUrl\":\"https:\\\/\\\/www.tenuedeville.com\\\/wp-content\\\/uploads\\\/2024\\\/02\\\/Angele_naturel_mapping_jpg_forweb-1.jpg\",\"width\":684,\"height\":902},{\"@type\":\"BreadcrumbList\",\"@id\":\"https:\\\/\\\/www.tenuedeville.com\\\/produit\\\/angele\\\/#breadcrumb\",\"itemListElement\":[{\"@type\":\"ListItem\",\"position\":1,\"name\":\"Accueil\",\"item\":\"https:\\\/\\\/www.tenuedeville.com\\\/\"},{\"@type\":\"ListItem\",\"position\":2,\"name\":\"Angele\"}]},{\"@type\":\"WebSite\",\"@id\":\"https:\\\/\\\/www.tenuedeville.com\\\/#website\",\"url\":\"https:\\\/\\\/www.tenuedeville.com\\\/\",\"name\":\"Tenue de Ville\",\"description\":\"Cr\u00e9ateur de papier peint design, imprim\u00e9 en Belgique\",\"publisher\":{\"@id\":\"https:\\\/\\\/www.tenuedeville.com\\\/#organization\"},\"potentialAction\":[{\"@type\":\"SearchAction\",\"target\":{\"@type\":\"EntryPoint\",\"urlTemplate\":\"https:\\\/\\\/www.tenuedeville.com\\\/?s={search_term_string}\"},\"query-input\":{\"@type\":\"PropertyValueSpecification\",\"valueRequired\":true,\"valueName\":\"search_term_string\"}}],\"inLanguage\":\"nl-NL\"},{\"@type\":\"Organization\",\"@id\":\"https:\\\/\\\/www.tenuedeville.com\\\/#organization\",\"name\":\"Tenue de Ville\",\"url\":\"https:\\\/\\\/www.tenuedeville.com\\\/\",\"logo\":{\"@type\":\"ImageObject\",\"inLanguage\":\"nl-NL\",\"@id\":\"https:\\\/\\\/www.tenuedeville.com\\\/#\\\/schema\\\/logo\\\/image\\\/\",\"url\":\"https:\\\/\\\/www.tenuedeville.com\\\/wp-content\\\/uploads\\\/2024\\\/04\\\/cropped-favicon.png\",\"contentUrl\":\"https:\\\/\\\/www.tenuedeville.com\\\/wp-content\\\/uploads\\\/2024\\\/04\\\/cropped-favicon.png\",\"width\":512,\"height\":512,\"caption\":\"Tenue de Ville\"},\"image\":{\"@id\":\"https:\\\/\\\/www.tenuedeville.com\\\/#\\\/schema\\\/logo\\\/image\\\/\"},\"sameAs\":[\"https:\\\/\\\/www.facebook.com\\\/tenuedeville.be\",\"https:\\\/\\\/www.instagram.com\\\/tenuedeville\\\/\",\"https:\\\/\\\/www.linkedin.com\\\/company\\\/tenue-de-ville\\\/\"]}]}<\/script>\n<!-- \/ Yoast SEO plugin. -->","yoast_head_json":{"title":"Angele - Tenue de Ville | Papier peint design","description":"Rev\u00eatement mural minimal floral. Ce papier peint panoramique est imprim\u00e9 sur \"toile d'herbe\", \u00e9galement appel\u00e9 \"paille japonaise\".","robots":{"index":"index","follow":"follow","max-snippet":"max-snippet:-1","max-image-preview":"max-image-preview:large","max-video-preview":"max-video-preview:-1"},"canonical":"https:\/\/www.tenuedeville.com\/produit\/angele\/","og_locale":"nl_NL","og_type":"article","og_title":"Angele - Tenue de Ville | Papier peint design","og_description":"Rev\u00eatement mural minimal floral. Ce papier peint panoramique est imprim\u00e9 sur \"toile d'herbe\", \u00e9galement appel\u00e9 \"paille japonaise\".","og_url":"https:\/\/www.tenuedeville.com\/produit\/angele\/","og_site_name":"Tenue de Ville","article_publisher":"https:\/\/www.facebook.com\/tenuedeville.be","article_modified_time":"2025-01-02T21:30:09+00:00","og_image":[{"width":684,"height":902,"url":"https:\/\/www.tenuedeville.com\/wp-content\/uploads\/2024\/02\/Angele_naturel_mapping_jpg_forweb-1.jpg","type":"image\/jpeg"}],"twitter_card":"summary_large_image","twitter_misc":{"Geschatte leestijd":"1 minuut"},"schema":{"@context":"https:\/\/schema.org","@graph":[{"@type":"WebPage","@id":"https:\/\/www.tenuedeville.com\/produit\/angele\/","url":"https:\/\/www.tenuedeville.com\/produit\/angele\/","name":"Angele - Tenue de Ville | Papier peint design","isPartOf":{"@id":"https:\/\/www.tenuedeville.com\/#website"},"primaryImageOfPage":{"@id":"https:\/\/www.tenuedeville.com\/produit\/angele\/#primaryimage"},"image":{"@id":"https:\/\/www.tenuedeville.com\/produit\/angele\/#primaryimage"},"thumbnailUrl":"https:\/\/www.tenuedeville.com\/wp-content\/uploads\/2024\/02\/Angele_naturel_mapping_jpg_forweb-1.jpg","datePublished":"2024-02-28T22:07:42+00:00","dateModified":"2025-01-02T21:30:09+00:00","description":"Rev\u00eatement mural minimal floral. Ce papier peint panoramique est imprim\u00e9 sur \"toile d'herbe\", \u00e9galement appel\u00e9 \"paille japonaise\".","breadcrumb":{"@id":"https:\/\/www.tenuedeville.com\/produit\/angele\/#breadcrumb"},"inLanguage":"nl-NL","potentialAction":[{"@type":"ReadAction","target":["https:\/\/www.tenuedeville.com\/produit\/angele\/"]}]},{"@type":"ImageObject","inLanguage":"nl-NL","@id":"https:\/\/www.tenuedeville.com\/produit\/angele\/#primaryimage","url":"https:\/\/www.tenuedeville.com\/wp-content\/uploads\/2024\/02\/Angele_naturel_mapping_jpg_forweb-1.jpg","contentUrl":"https:\/\/www.tenuedeville.com\/wp-content\/uploads\/2024\/02\/Angele_naturel_mapping_jpg_forweb-1.jpg","width":684,"height":902},{"@type":"BreadcrumbList","@id":"https:\/\/www.tenuedeville.com\/produit\/angele\/#breadcrumb","itemListElement":[{"@type":"ListItem","position":1,"name":"Accueil","item":"https:\/\/www.tenuedeville.com\/"},{"@type":"ListItem","position":2,"name":"Angele"}]},{"@type":"WebSite","@id":"https:\/\/www.tenuedeville.com\/#website","url":"https:\/\/www.tenuedeville.com\/","name":"Tenue de Ville","description":"Cr\u00e9ateur de papier peint design, imprim\u00e9 en Belgique","publisher":{"@id":"https:\/\/www.tenuedeville.com\/#organization"},"potentialAction":[{"@type":"SearchAction","target":{"@type":"EntryPoint","urlTemplate":"https:\/\/www.tenuedeville.com\/?s={search_term_string}"},"query-input":{"@type":"PropertyValueSpecification","valueRequired":true,"valueName":"search_term_string"}}],"inLanguage":"nl-NL"},{"@type":"Organization","@id":"https:\/\/www.tenuedeville.com\/#organization","name":"Tenue de Ville","url":"https:\/\/www.tenuedeville.com\/","logo":{"@type":"ImageObject","inLanguage":"nl-NL","@id":"https:\/\/www.tenuedeville.com\/#\/schema\/logo\/image\/","url":"https:\/\/www.tenuedeville.com\/wp-content\/uploads\/2024\/04\/cropped-favicon.png","contentUrl":"https:\/\/www.tenuedeville.com\/wp-content\/uploads\/2024\/04\/cropped-favicon.png","width":512,"height":512,"caption":"Tenue de Ville"},"image":{"@id":"https:\/\/www.tenuedeville.com\/#\/schema\/logo\/image\/"},"sameAs":["https:\/\/www.facebook.com\/tenuedeville.be","https:\/\/www.instagram.com\/tenuedeville\/","https:\/\/www.linkedin.com\/company\/tenue-de-ville\/"]}]}},"_links":{"self":[{"href":"https:\/\/www.tenuedeville.com\/nl\/wp-json\/wp\/v2\/product\/62826","targetHints":{"allow":["GET"]}}],"collection":[{"href":"https:\/\/www.tenuedeville.com\/nl\/wp-json\/wp\/v2\/product"}],"about":[{"href":"https:\/\/www.tenuedeville.com\/nl\/wp-json\/wp\/v2\/types\/product"}],"wp:featuredmedia":[{"embeddable":true,"href":"https:\/\/www.tenuedeville.com\/nl\/wp-json\/wp\/v2\/media\/62596"}],"wp:attachment":[{"href":"https:\/\/www.tenuedeville.com\/nl\/wp-json\/wp\/v2\/media?parent=62826"}],"wp:term":[{"taxonomy":"product_brand","embeddable":true,"href":"https:\/\/www.tenuedeville.com\/nl\/wp-json\/wp\/v2\/product_brand?post=62826"},{"taxonomy":"product_cat","embeddable":true,"href":"https:\/\/www.tenuedeville.com\/nl\/wp-json\/wp\/v2\/product_cat?post=62826"},{"taxonomy":"product_tag","embeddable":true,"href":"https:\/\/www.tenuedeville.com\/nl\/wp-json\/wp\/v2\/product_tag?post=62826"}],"curies":[{"name":"wp","href":"https:\/\/api.w.org\/{rel}","templated":true}]}}