{"id":65542,"date":"2025-01-07T10:21:23","date_gmt":"2025-01-07T09:21:23","guid":{"rendered":"https:\/\/www.tenuedeville.com\/?post_type=product&#038;p=65542"},"modified":"2025-01-07T17:34:50","modified_gmt":"2025-01-07T16:34:50","slug":"mini-catalogue-alchemy","status":"publish","type":"product","link":"https:\/\/www.tenuedeville.com\/nl\/produit\/mini-catalogue-alchemy\/","title":{"rendered":"Mini catalogue Alchemy"},"content":{"rendered":"\n<p>Une version mini catalogue de notre collection Alchemy.<br>Vous y trouverez toutes les r\u00e9f\u00e9rences des collections, les num\u00e9ros de r\u00e9f\u00e9rence, les colorations, les photos d&#8217;ambiance ainsi que les fiches techniques de chaque r\u00e9f\u00e9rence.<br><em><br><\/em><\/p>\n","protected":false},"excerpt":{"rendered":"<p>Une version mini catalogue de notre collection Alchemy.Vous y trouverez toutes les r\u00e9f\u00e9rences des collections, les num\u00e9ros de r\u00e9f\u00e9rence, les colorations, les photos d&#8217;ambiance ainsi que les fiches techniques de chaque r\u00e9f\u00e9rence.<\/p>\n","protected":false},"featured_media":65562,"template":"","meta":{"_acf_changed":false},"product_brand":[],"product_cat":[135],"product_tag":[225],"class_list":{"0":"post-65542","1":"product","2":"type-product","3":"status-publish","4":"has-post-thumbnail","6":"product_cat-accessoires","7":"product_tag-mini-catalogue","8":"product_shipping_class-sample-product-shipping","10":"first","11":"instock","12":"shipping-taxable","13":"purchasable","14":"product-type-variable"},"acf":[],"yoast_head":"<!-- This site is optimized with the Yoast SEO plugin v27.4 - https:\/\/yoast.com\/product\/yoast-seo-wordpress\/ -->\n<title>Mini catalogue Alchemy - Tenue de Ville<\/title>\n<meta name=\"robots\" content=\"index, follow, max-snippet:-1, max-image-preview:large, max-video-preview:-1\" \/>\n<link rel=\"canonical\" href=\"https:\/\/www.tenuedeville.com\/produit\/mini-catalogue-alchemy\/\" \/>\n<meta property=\"og:locale\" content=\"nl_NL\" \/>\n<meta property=\"og:type\" content=\"article\" \/>\n<meta property=\"og:title\" content=\"Mini catalogue Alchemy - Tenue de Ville\" \/>\n<meta property=\"og:description\" content=\"Une version mini catalogue de notre collection Alchemy.Vous y trouverez toutes les r\u00e9f\u00e9rences des collections, les num\u00e9ros de r\u00e9f\u00e9rence, les colorations, les photos d&#8217;ambiance ainsi que les fiches techniques de chaque r\u00e9f\u00e9rence.\" \/>\n<meta property=\"og:url\" content=\"https:\/\/www.tenuedeville.com\/produit\/mini-catalogue-alchemy\/\" \/>\n<meta property=\"og:site_name\" content=\"Tenue de Ville\" \/>\n<meta property=\"article:publisher\" content=\"https:\/\/www.facebook.com\/tenuedeville.be\" \/>\n<meta property=\"article:modified_time\" content=\"2025-01-07T16:34:50+00:00\" \/>\n<meta property=\"og:image\" content=\"https:\/\/www.tenuedeville.com\/wp-content\/uploads\/2025\/01\/Minibook_Leaflet_20x26cm_ALCHEMY2_covers-1.jpg\" \/>\n\t<meta property=\"og:image:width\" content=\"1000\" \/>\n\t<meta property=\"og:image:height\" content=\"1324\" \/>\n\t<meta property=\"og:image:type\" content=\"image\/jpeg\" \/>\n<meta name=\"twitter:card\" content=\"summary_large_image\" \/>\n<meta name=\"twitter:label1\" content=\"Geschatte leestijd\" \/>\n\t<meta name=\"twitter:data1\" content=\"1 minuut\" \/>\n<script type=\"application\/ld+json\" class=\"yoast-schema-graph\">{\"@context\":\"https:\\\/\\\/schema.org\",\"@graph\":[{\"@type\":\"WebPage\",\"@id\":\"https:\\\/\\\/www.tenuedeville.com\\\/produit\\\/mini-catalogue-alchemy\\\/\",\"url\":\"https:\\\/\\\/www.tenuedeville.com\\\/produit\\\/mini-catalogue-alchemy\\\/\",\"name\":\"Mini catalogue Alchemy - Tenue de Ville\",\"isPartOf\":{\"@id\":\"https:\\\/\\\/www.tenuedeville.com\\\/#website\"},\"primaryImageOfPage\":{\"@id\":\"https:\\\/\\\/www.tenuedeville.com\\\/produit\\\/mini-catalogue-alchemy\\\/#primaryimage\"},\"image\":{\"@id\":\"https:\\\/\\\/www.tenuedeville.com\\\/produit\\\/mini-catalogue-alchemy\\\/#primaryimage\"},\"thumbnailUrl\":\"https:\\\/\\\/www.tenuedeville.com\\\/wp-content\\\/uploads\\\/2025\\\/01\\\/Minibook_Leaflet_20x26cm_ALCHEMY2_covers-1.jpg\",\"datePublished\":\"2025-01-07T09:21:23+00:00\",\"dateModified\":\"2025-01-07T16:34:50+00:00\",\"breadcrumb\":{\"@id\":\"https:\\\/\\\/www.tenuedeville.com\\\/produit\\\/mini-catalogue-alchemy\\\/#breadcrumb\"},\"inLanguage\":\"nl-NL\",\"potentialAction\":[{\"@type\":\"ReadAction\",\"target\":[\"https:\\\/\\\/www.tenuedeville.com\\\/produit\\\/mini-catalogue-alchemy\\\/\"]}]},{\"@type\":\"ImageObject\",\"inLanguage\":\"nl-NL\",\"@id\":\"https:\\\/\\\/www.tenuedeville.com\\\/produit\\\/mini-catalogue-alchemy\\\/#primaryimage\",\"url\":\"https:\\\/\\\/www.tenuedeville.com\\\/wp-content\\\/uploads\\\/2025\\\/01\\\/Minibook_Leaflet_20x26cm_ALCHEMY2_covers-1.jpg\",\"contentUrl\":\"https:\\\/\\\/www.tenuedeville.com\\\/wp-content\\\/uploads\\\/2025\\\/01\\\/Minibook_Leaflet_20x26cm_ALCHEMY2_covers-1.jpg\",\"width\":1000,\"height\":1324},{\"@type\":\"BreadcrumbList\",\"@id\":\"https:\\\/\\\/www.tenuedeville.com\\\/produit\\\/mini-catalogue-alchemy\\\/#breadcrumb\",\"itemListElement\":[{\"@type\":\"ListItem\",\"position\":1,\"name\":\"Accueil\",\"item\":\"https:\\\/\\\/www.tenuedeville.com\\\/\"},{\"@type\":\"ListItem\",\"position\":2,\"name\":\"Mini catalogue Alchemy\"}]},{\"@type\":\"WebSite\",\"@id\":\"https:\\\/\\\/www.tenuedeville.com\\\/#website\",\"url\":\"https:\\\/\\\/www.tenuedeville.com\\\/\",\"name\":\"Tenue de Ville\",\"description\":\"Cr\u00e9ateur de papier peint design, imprim\u00e9 en Belgique\",\"publisher\":{\"@id\":\"https:\\\/\\\/www.tenuedeville.com\\\/#organization\"},\"potentialAction\":[{\"@type\":\"SearchAction\",\"target\":{\"@type\":\"EntryPoint\",\"urlTemplate\":\"https:\\\/\\\/www.tenuedeville.com\\\/?s={search_term_string}\"},\"query-input\":{\"@type\":\"PropertyValueSpecification\",\"valueRequired\":true,\"valueName\":\"search_term_string\"}}],\"inLanguage\":\"nl-NL\"},{\"@type\":\"Organization\",\"@id\":\"https:\\\/\\\/www.tenuedeville.com\\\/#organization\",\"name\":\"Tenue de Ville\",\"url\":\"https:\\\/\\\/www.tenuedeville.com\\\/\",\"logo\":{\"@type\":\"ImageObject\",\"inLanguage\":\"nl-NL\",\"@id\":\"https:\\\/\\\/www.tenuedeville.com\\\/#\\\/schema\\\/logo\\\/image\\\/\",\"url\":\"https:\\\/\\\/www.tenuedeville.com\\\/wp-content\\\/uploads\\\/2024\\\/04\\\/cropped-favicon.png\",\"contentUrl\":\"https:\\\/\\\/www.tenuedeville.com\\\/wp-content\\\/uploads\\\/2024\\\/04\\\/cropped-favicon.png\",\"width\":512,\"height\":512,\"caption\":\"Tenue de Ville\"},\"image\":{\"@id\":\"https:\\\/\\\/www.tenuedeville.com\\\/#\\\/schema\\\/logo\\\/image\\\/\"},\"sameAs\":[\"https:\\\/\\\/www.facebook.com\\\/tenuedeville.be\",\"https:\\\/\\\/www.instagram.com\\\/tenuedeville\\\/\",\"https:\\\/\\\/www.linkedin.com\\\/company\\\/tenue-de-ville\\\/\"]}]}<\/script>\n<!-- \/ Yoast SEO plugin. -->","yoast_head_json":{"title":"Mini catalogue Alchemy - Tenue de Ville","robots":{"index":"index","follow":"follow","max-snippet":"max-snippet:-1","max-image-preview":"max-image-preview:large","max-video-preview":"max-video-preview:-1"},"canonical":"https:\/\/www.tenuedeville.com\/produit\/mini-catalogue-alchemy\/","og_locale":"nl_NL","og_type":"article","og_title":"Mini catalogue Alchemy - Tenue de Ville","og_description":"Une version mini catalogue de notre collection Alchemy.Vous y trouverez toutes les r\u00e9f\u00e9rences des collections, les num\u00e9ros de r\u00e9f\u00e9rence, les colorations, les photos d&#8217;ambiance ainsi que les fiches techniques de chaque r\u00e9f\u00e9rence.","og_url":"https:\/\/www.tenuedeville.com\/produit\/mini-catalogue-alchemy\/","og_site_name":"Tenue de Ville","article_publisher":"https:\/\/www.facebook.com\/tenuedeville.be","article_modified_time":"2025-01-07T16:34:50+00:00","og_image":[{"width":1000,"height":1324,"url":"https:\/\/www.tenuedeville.com\/wp-content\/uploads\/2025\/01\/Minibook_Leaflet_20x26cm_ALCHEMY2_covers-1.jpg","type":"image\/jpeg"}],"twitter_card":"summary_large_image","twitter_misc":{"Geschatte leestijd":"1 minuut"},"schema":{"@context":"https:\/\/schema.org","@graph":[{"@type":"WebPage","@id":"https:\/\/www.tenuedeville.com\/produit\/mini-catalogue-alchemy\/","url":"https:\/\/www.tenuedeville.com\/produit\/mini-catalogue-alchemy\/","name":"Mini catalogue Alchemy - Tenue de Ville","isPartOf":{"@id":"https:\/\/www.tenuedeville.com\/#website"},"primaryImageOfPage":{"@id":"https:\/\/www.tenuedeville.com\/produit\/mini-catalogue-alchemy\/#primaryimage"},"image":{"@id":"https:\/\/www.tenuedeville.com\/produit\/mini-catalogue-alchemy\/#primaryimage"},"thumbnailUrl":"https:\/\/www.tenuedeville.com\/wp-content\/uploads\/2025\/01\/Minibook_Leaflet_20x26cm_ALCHEMY2_covers-1.jpg","datePublished":"2025-01-07T09:21:23+00:00","dateModified":"2025-01-07T16:34:50+00:00","breadcrumb":{"@id":"https:\/\/www.tenuedeville.com\/produit\/mini-catalogue-alchemy\/#breadcrumb"},"inLanguage":"nl-NL","potentialAction":[{"@type":"ReadAction","target":["https:\/\/www.tenuedeville.com\/produit\/mini-catalogue-alchemy\/"]}]},{"@type":"ImageObject","inLanguage":"nl-NL","@id":"https:\/\/www.tenuedeville.com\/produit\/mini-catalogue-alchemy\/#primaryimage","url":"https:\/\/www.tenuedeville.com\/wp-content\/uploads\/2025\/01\/Minibook_Leaflet_20x26cm_ALCHEMY2_covers-1.jpg","contentUrl":"https:\/\/www.tenuedeville.com\/wp-content\/uploads\/2025\/01\/Minibook_Leaflet_20x26cm_ALCHEMY2_covers-1.jpg","width":1000,"height":1324},{"@type":"BreadcrumbList","@id":"https:\/\/www.tenuedeville.com\/produit\/mini-catalogue-alchemy\/#breadcrumb","itemListElement":[{"@type":"ListItem","position":1,"name":"Accueil","item":"https:\/\/www.tenuedeville.com\/"},{"@type":"ListItem","position":2,"name":"Mini catalogue Alchemy"}]},{"@type":"WebSite","@id":"https:\/\/www.tenuedeville.com\/#website","url":"https:\/\/www.tenuedeville.com\/","name":"Tenue de Ville","description":"Cr\u00e9ateur de papier peint design, imprim\u00e9 en Belgique","publisher":{"@id":"https:\/\/www.tenuedeville.com\/#organization"},"potentialAction":[{"@type":"SearchAction","target":{"@type":"EntryPoint","urlTemplate":"https:\/\/www.tenuedeville.com\/?s={search_term_string}"},"query-input":{"@type":"PropertyValueSpecification","valueRequired":true,"valueName":"search_term_string"}}],"inLanguage":"nl-NL"},{"@type":"Organization","@id":"https:\/\/www.tenuedeville.com\/#organization","name":"Tenue de Ville","url":"https:\/\/www.tenuedeville.com\/","logo":{"@type":"ImageObject","inLanguage":"nl-NL","@id":"https:\/\/www.tenuedeville.com\/#\/schema\/logo\/image\/","url":"https:\/\/www.tenuedeville.com\/wp-content\/uploads\/2024\/04\/cropped-favicon.png","contentUrl":"https:\/\/www.tenuedeville.com\/wp-content\/uploads\/2024\/04\/cropped-favicon.png","width":512,"height":512,"caption":"Tenue de Ville"},"image":{"@id":"https:\/\/www.tenuedeville.com\/#\/schema\/logo\/image\/"},"sameAs":["https:\/\/www.facebook.com\/tenuedeville.be","https:\/\/www.instagram.com\/tenuedeville\/","https:\/\/www.linkedin.com\/company\/tenue-de-ville\/"]}]}},"_links":{"self":[{"href":"https:\/\/www.tenuedeville.com\/nl\/wp-json\/wp\/v2\/product\/65542","targetHints":{"allow":["GET"]}}],"collection":[{"href":"https:\/\/www.tenuedeville.com\/nl\/wp-json\/wp\/v2\/product"}],"about":[{"href":"https:\/\/www.tenuedeville.com\/nl\/wp-json\/wp\/v2\/types\/product"}],"wp:featuredmedia":[{"embeddable":true,"href":"https:\/\/www.tenuedeville.com\/nl\/wp-json\/wp\/v2\/media\/65562"}],"wp:attachment":[{"href":"https:\/\/www.tenuedeville.com\/nl\/wp-json\/wp\/v2\/media?parent=65542"}],"wp:term":[{"taxonomy":"product_brand","embeddable":true,"href":"https:\/\/www.tenuedeville.com\/nl\/wp-json\/wp\/v2\/product_brand?post=65542"},{"taxonomy":"product_cat","embeddable":true,"href":"https:\/\/www.tenuedeville.com\/nl\/wp-json\/wp\/v2\/product_cat?post=65542"},{"taxonomy":"product_tag","embeddable":true,"href":"https:\/\/www.tenuedeville.com\/nl\/wp-json\/wp\/v2\/product_tag?post=65542"}],"curies":[{"name":"wp","href":"https:\/\/api.w.org\/{rel}","templated":true}]}}